{"id":69324,"date":"2018-11-30T12:32:58","date_gmt":"2018-11-30T10:32:58","guid":{"rendered":"http:\/\/silene.idilicstudio.com\/?page_id=69324"},"modified":"2023-01-16T17:09:54","modified_gmt":"2023-01-16T16:09:54","slug":"partners","status":"publish","type":"page","link":"https:\/\/www.silene.ong\/en\/partners","title":{"rendered":"Partners"},"content":{"rendered":"<p><!--\/themify_builder_static--><\/p>\n<p><!--themify_builder_static--><\/p>\n<h1>Partners<\/h1>\n<p>Silene is a member of the Spanish Iniciativa Comunales, from the Network for the learning of protected natural areas of the International Union for the Conservation of Nature (PALNet), and is linked with the IUCN Specialist Group on Cultural and Spiritual Values \u200b\u200bof Protected Natural Areas, of the World Commission for Protected Areas of the International.<\/p>\n<p>Silene collaborates with:<\/p>\n<ul>\n<li>Public, communal or private organizations responsible for protected natural areas of Germany, Catalonia, Spain and Finland.<\/li>\n<li>NGOs and private entities with common interests in Catalonia, Spain, France, Greece, Italy, Morocco, Mexico and Romania.<\/li>\n<li>Catholic, Orthodox and Buddhist monasteries and hermitages located in protected natural areas of Europe, Middle East and the Caucasus region<\/li>\n<\/ul>\n<form action=\"https:\/\/www.paypal.com\/cgi-bin\/webscr\" method=\"post\" target=\"_top\"> <input type=\"hidden\" name=\"cmd\" value=\"_s-xclick\" \/> <input type=\"hidden\" name=\"hosted_button_id\" value=\"TAUJ8LW6YYUUW\" \/> <input type=\"image\" src=\"https:\/\/www.paypalobjects.com\/es_ES\/ES\/i\/btn\/btn_donate_SM.gif\" border=\"0\" name=\"submit\" title=\"PayPal - The safer, easier way to pay online!\" alt=\"Bot\u00f3n\u00a0Donar con PayPal\" \/> <img decoding=\"async\" loading=\"lazy\" alt=\"\" border=\"0\" src=\"https:\/\/www.paypal.com\/es_ES\/i\/scr\/pixel.gif\" width=\"1\" height=\"1\" \/> <\/form>\n<div id='gallery-1' class='gallery galleryid-69324 gallery-columns-3 gallery-size-thumbnail'><figure class='gallery-item'>\n\t\t\t<div class='gallery-icon landscape'>\n\t\t\t\t<a href='https:\/\/www.silene.ong\/en\/partners\/attachment\/selvans-2'><img loading=\"lazy\" decoding=\"async\" width=\"280\" height=\"280\" src=\"https:\/\/www.silene.ong\/wp-content\/uploads\/2018\/11\/SELVANS-300x300.png\" class=\"attachment-thumbnail size-thumbnail\" alt=\"\" aria-describedby=\"gallery-1-69066\" \/><\/a>\n\t\t\t<\/div>\n\t\t\t\t<figcaption class='wp-caption-text gallery-caption' id='gallery-1-69066'>\n\t\t\t\tSelvans\n\t\t\t\t<\/figcaption><\/figure><figure class='gallery-item'>\n\t\t\t<div class='gallery-icon portrait'>\n\t\t\t\t<a href='https:\/\/www.silene.ong\/en\/partners\/attachment\/europarc-2'><img loading=\"lazy\" decoding=\"async\" width=\"276\" height=\"280\" src=\"https:\/\/www.silene.ong\/wp-content\/uploads\/2018\/11\/europarc-296x300.jpg\" class=\"attachment-thumbnail size-thumbnail\" alt=\"\" aria-describedby=\"gallery-1-69098\" \/><\/a>\n\t\t\t<\/div>\n\t\t\t\t<figcaption class='wp-caption-text gallery-caption' id='gallery-1-69098'>\n\t\t\t\tEuroparc Espa\u00f1a\n\t\t\t\t<\/figcaption><\/figure><figure class='gallery-item'>\n\t\t\t<div class='gallery-icon landscape'>\n\t\t\t\t<a href='https:\/\/www.silene.ong\/en\/partners\/attachment\/uicn-2'><img loading=\"lazy\" decoding=\"async\" width=\"280\" height=\"280\" src=\"https:\/\/www.silene.ong\/wp-content\/uploads\/2018\/11\/UICN-300x300.jpg\" class=\"attachment-thumbnail size-thumbnail\" alt=\"\" aria-describedby=\"gallery-1-69082\" \/><\/a>\n\t\t\t<\/div>\n\t\t\t\t<figcaption class='wp-caption-text gallery-caption' id='gallery-1-69082'>\n\t\t\t\tUICN\n\t\t\t\t<\/figcaption><\/figure><figure class='gallery-item'>\n\t\t\t<div class='gallery-icon landscape'>\n\t\t\t\t<a href='https:\/\/www.silene.ong\/en\/partners\/attachment\/iec-2'><img loading=\"lazy\" decoding=\"async\" width=\"280\" height=\"280\" src=\"https:\/\/www.silene.ong\/wp-content\/uploads\/2018\/11\/IEC-300x300.jpg\" class=\"attachment-thumbnail size-thumbnail\" alt=\"\" aria-describedby=\"gallery-1-69094\" \/><\/a>\n\t\t\t<\/div>\n\t\t\t\t<figcaption class='wp-caption-text gallery-caption' id='gallery-1-69094'>\n\t\t\t\tInstitud d&#8217;Estudis Catalans\n\t\t\t\t<\/figcaption><\/figure><figure class='gallery-item'>\n\t\t\t<div class='gallery-icon portrait'>\n\t\t\t\t<a href='https:\/\/www.silene.ong\/en\/partners\/attachment\/logopn-alt_pirineu-2'><img loading=\"lazy\" decoding=\"async\" width=\"175\" height=\"185\" src=\"https:\/\/www.silene.ong\/wp-content\/uploads\/2023\/01\/LogoPN-Alt_Pirineu.jpg\" class=\"attachment-thumbnail size-thumbnail\" alt=\"\" aria-describedby=\"gallery-1-116845\" \/><\/a>\n\t\t\t<\/div>\n\t\t\t\t<figcaption class='wp-caption-text gallery-caption' id='gallery-1-116845'>\n\t\t\t\tParc Natural de l&#8217;Alt Pirineu\n\t\t\t\t<\/figcaption><\/figure><figure class='gallery-item'>\n\t\t\t<div class='gallery-icon landscape'>\n\t\t\t\t<a href='https:\/\/www.silene.ong\/en\/partners\/attachment\/cmap-2'><img loading=\"lazy\" decoding=\"async\" width=\"280\" height=\"280\" src=\"https:\/\/www.silene.ong\/wp-content\/uploads\/2018\/11\/CMAP-300x300.jpg\" class=\"attachment-thumbnail size-thumbnail\" alt=\"\" aria-describedby=\"gallery-1-69086\" \/><\/a>\n\t\t\t<\/div>\n\t\t\t\t<figcaption class='wp-caption-text gallery-caption' id='gallery-1-69086'>\n\t\t\t\tCMAP &#8211; Comisi\u00f3n mundial de \u00e1reas protegidas\n\t\t\t\t<\/figcaption><\/figure><figure class='gallery-item'>\n\t\t\t<div class='gallery-icon portrait'>\n\t\t\t\t<a href='https:\/\/www.silene.ong\/en\/partners\/attachment\/bn-color-2'><img loading=\"lazy\" decoding=\"async\" width=\"215\" height=\"234\" src=\"https:\/\/www.silene.ong\/wp-content\/uploads\/2018\/11\/BN-color.jpeg\" class=\"attachment-thumbnail size-thumbnail\" alt=\"\" aria-describedby=\"gallery-1-69074\" \/><\/a>\n\t\t\t<\/div>\n\t\t\t\t<figcaption class='wp-caption-text gallery-caption' id='gallery-1-69074'>\n\t\t\t\tBN &#8211; federal Agency for Nature Conservation\n\t\t\t\t<\/figcaption><\/figure><figure class='gallery-item'>\n\t\t\t<div class='gallery-icon landscape'>\n\t\t\t\t<a href='https:\/\/www.silene.ong\/en\/partners\/attachment\/xct-2'><img loading=\"lazy\" decoding=\"async\" width=\"280\" height=\"280\" src=\"https:\/\/www.silene.ong\/wp-content\/uploads\/2018\/11\/XCT-300x300.jpg\" class=\"attachment-thumbnail size-thumbnail\" alt=\"\" aria-describedby=\"gallery-1-69070\" \/><\/a>\n\t\t\t<\/div>\n\t\t\t\t<figcaption class='wp-caption-text gallery-caption' id='gallery-1-69070'>\n\t\t\t\tXCT &#8211; Xarxa de cust\u00f2dia del territori\n\t\t\t\t<\/figcaption><\/figure><figure class='gallery-item'>\n\t\t\t<div class='gallery-icon landscape'>\n\t\t\t\t<a href='https:\/\/www.silene.ong\/en\/partners\/attachment\/index-2'><img loading=\"lazy\" decoding=\"async\" width=\"500\" height=\"94\" src=\"https:\/\/www.silene.ong\/wp-content\/uploads\/2023\/01\/index-500x94.png\" class=\"attachment-thumbnail size-thumbnail\" alt=\"\" aria-describedby=\"gallery-1-116837\" \/><\/a>\n\t\t\t<\/div>\n\t\t\t\t<figcaption class='wp-caption-text gallery-caption' id='gallery-1-116837'>\n\t\t\t\tDG Patrimoni Cultural Catalunya\n\t\t\t\t<\/figcaption><\/figure><figure class='gallery-item'>\n\t\t\t<div class='gallery-icon landscape'>\n\t\t\t\t<a href='https:\/\/www.silene.ong\/en\/partners\/attachment\/csvpa-2'><img loading=\"lazy\" decoding=\"async\" width=\"300\" height=\"262\" src=\"https:\/\/www.silene.ong\/wp-content\/uploads\/2018\/11\/CSVPA-300x262.jpeg\" class=\"attachment-thumbnail size-thumbnail\" alt=\"\" aria-describedby=\"gallery-1-69078\" \/><\/a>\n\t\t\t<\/div>\n\t\t\t\t<figcaption class='wp-caption-text gallery-caption' id='gallery-1-69078'>\n\t\t\t\tCultural and Spiritual Values of Protected Areas\n\t\t\t\t<\/figcaption><\/figure><figure class='gallery-item'>\n\t\t\t<div class='gallery-icon landscape'>\n\t\t\t\t<a href='https:\/\/www.silene.ong\/en\/partners\/attachment\/ecomuseu-valls-daneu-2'><img loading=\"lazy\" decoding=\"async\" width=\"200\" height=\"150\" src=\"https:\/\/www.silene.ong\/wp-content\/uploads\/2023\/01\/ecomuseu-Valls-dAneu.png\" class=\"attachment-thumbnail size-thumbnail\" alt=\"\" aria-describedby=\"gallery-1-116841\" \/><\/a>\n\t\t\t<\/div>\n\t\t\t\t<figcaption class='wp-caption-text gallery-caption' id='gallery-1-116841'>\n\t\t\t\tEcomuseu de les Valls d&#8217;\u00c0neu\n\t\t\t\t<\/figcaption><\/figure><figure class='gallery-item'>\n\t\t\t<div class='gallery-icon landscape'>\n\t\t\t\t<a href='https:\/\/www.silene.ong\/en\/partners\/attachment\/udg-2'><img loading=\"lazy\" decoding=\"async\" width=\"300\" height=\"117\" src=\"https:\/\/www.silene.ong\/wp-content\/uploads\/2018\/11\/UdG-300x117.png\" class=\"attachment-thumbnail size-thumbnail\" alt=\"\" aria-describedby=\"gallery-1-69062\" \/><\/a>\n\t\t\t<\/div>\n\t\t\t\t<figcaption class='wp-caption-text gallery-caption' id='gallery-1-69062'>\n\t\t\t\tUniversitat de Girona\n\t\t\t\t<\/figcaption><\/figure><figure class='gallery-item'>\n\t\t\t<div class='gallery-icon landscape'>\n\t\t\t\t<a href='https:\/\/www.silene.ong\/en\/partners\/attachment\/montsant-2'><img loading=\"lazy\" decoding=\"async\" width=\"300\" height=\"107\" src=\"https:\/\/www.silene.ong\/wp-content\/uploads\/2018\/11\/montsant-300x107.jpeg\" class=\"attachment-thumbnail size-thumbnail\" alt=\"\" aria-describedby=\"gallery-1-69090\" \/><\/a>\n\t\t\t<\/div>\n\t\t\t\t<figcaption class='wp-caption-text gallery-caption' id='gallery-1-69090'>\n\t\t\t\tParc natural de la Serralada de Montsant\n\t\t\t\t<\/figcaption><\/figure><figure class='gallery-item'>\n\t\t\t<div class='gallery-icon portrait'>\n\t\t\t\t<a href='https:\/\/www.silene.ong\/en\/partners\/attachment\/ceesp-logo-2'><img loading=\"lazy\" decoding=\"async\" width=\"224\" height=\"225\" src=\"https:\/\/www.silene.ong\/wp-content\/uploads\/2023\/01\/CEESP-logo.png\" class=\"attachment-thumbnail size-thumbnail\" alt=\"\" aria-describedby=\"gallery-1-116853\" \/><\/a>\n\t\t\t<\/div>\n\t\t\t\t<figcaption class='wp-caption-text gallery-caption' id='gallery-1-116853'>\n\t\t\t\tComissi\u00f3 d&#8217;Educaci\u00f3 i Pol\u00edtiques Ambientals\n\t\t\t\t<\/figcaption><\/figure><figure class='gallery-item'>\n\t\t\t<div class='gallery-icon landscape'>\n\t\t\t\t<a href='https:\/\/www.silene.ong\/en\/partners\/attachment\/delos-2'><img loading=\"lazy\" decoding=\"async\" width=\"218\" height=\"172\" src=\"https:\/\/www.silene.ong\/wp-content\/uploads\/2018\/11\/delos.png\" class=\"attachment-thumbnail size-thumbnail\" alt=\"\" aria-describedby=\"gallery-1-69102\" \/><\/a>\n\t\t\t<\/div>\n\t\t\t\t<figcaption class='wp-caption-text gallery-caption' id='gallery-1-69102'>\n\t\t\t\tDelos Initiative\n\t\t\t\t<\/figcaption><\/figure>\n\t\t<\/div>\n\n<p><!--\/themify_builder_static--><\/p>\n<p>&nbsp;<\/p>\n<!--themify_builder_content-->\n<div id=\"themify_builder_content-69324\" data-postid=\"69324\" class=\"themify_builder_content themify_builder_content-69324 themify_builder tf_clear\">\n                    <div  data-lazy=\"1\" class=\"module_row themify_builder_row tb_3175e73 tb_first tf_w\">\n                        <div class=\"row_inner col_align_top tb_col_count_1 tf_box tf_rel\">\n                        <div  data-lazy=\"1\" class=\"module_column tb-column col-full tb_181024f first\">\n                    <!-- module text -->\n<div  class=\"module module-text tb_d6ebbae  repeat \" data-lazy=\"1\">\n        <div  class=\"tb_text_wrap\">\n        <h1>Partners<\/h1><p>Silene is a member of the Spanish Iniciativa Comunales, from the Network for the learning of protected natural areas of the International Union for the Conservation of Nature (PALNet), and is linked with the IUCN Specialist Group on Cultural and Spiritual Values \u200b\u200bof Protected Natural Areas, of the World Commission for Protected Areas of the International.<\/p><p>Silene collaborates with:<\/p><ul><li>Public, communal or private organizations responsible for protected natural areas of Germany, Catalonia, Spain and Finland.<\/li><li>NGOs and private entities with common interests in Catalonia, Spain, France, Greece, Italy, Morocco, Mexico and Romania.<\/li><li>Catholic, Orthodox and Buddhist monasteries and hermitages located in protected natural areas of Europe, Middle East and the Caucasus region<\/li><\/ul>    <\/div>\n<\/div>\n<!-- \/module text --><!-- module plain text -->\n<div  class=\"module module-plain-text tb_pt9m200 \" data-lazy=\"1\">\n        <div class=\"tb_text_wrap\">\n    <form action=\"https:\/\/www.paypal.com\/cgi-bin\/webscr\" method=\"post\" target=\"_top\">\n<input type=\"hidden\" name=\"cmd\" value=\"_s-xclick\" \/>\n<input type=\"hidden\" name=\"hosted_button_id\" value=\"TAUJ8LW6YYUUW\" \/>\n<input type=\"image\" src=\"https:\/\/www.paypalobjects.com\/es_ES\/ES\/i\/btn\/btn_donate_SM.gif\" border=\"0\" name=\"submit\" title=\"PayPal - The safer, easier way to pay online!\" alt=\"Bot\u00f3n\u00a0Donar con PayPal\" \/>\n<img loading=\"lazy\" decoding=\"async\" alt=\"\" border=\"0\" src=\"https:\/\/www.paypal.com\/es_ES\/i\/scr\/pixel.gif\" width=\"1\" height=\"1\" \/>\n<\/form>    <\/div>\n<\/div>\n<!-- \/module plain text --><!-- module gallery -->\n<div  class=\"module gallery module-gallery tb_86f2fea layout-grid  \" data-lazy=\"1\">\n    <div class=\"module-gallery-grid\" style=\"--gald:6;--galt:6;--galm:6\">\n            <dl class=\"gallery-item\">\n            <dt class=\"gallery-icon\">\n            <img loading=\"lazy\" decoding=\"async\" width=\"315\" height=\"107\" src=\"https:\/\/www.silene.ong\/wp-content\/uploads\/2018\/11\/montsant.jpeg\" class=\"wp-post-image wp-image-69090\" title=\"montsant\" alt=\"montsant\">            <\/dt>\n             \n                <dd class=\"wp-caption-text gallery-caption\">\n                                                                <span class=\"themify_image_caption\">Parc natural de la Serralada de Montsant<\/span>\n                                    <\/dd>\n                    <\/dl>\n            <dl class=\"gallery-item\">\n            <dt class=\"gallery-icon\">\n            <img loading=\"lazy\" decoding=\"async\" width=\"296\" height=\"300\" src=\"https:\/\/www.silene.ong\/wp-content\/uploads\/2018\/11\/europarc.jpg\" class=\"wp-post-image wp-image-69098\" title=\"europarc\" alt=\"europarc\">            <\/dt>\n             \n                <dd class=\"wp-caption-text gallery-caption\">\n                                                                <span class=\"themify_image_caption\">Europarc Espa\u00f1a<\/span>\n                                    <\/dd>\n                    <\/dl>\n            <dl class=\"gallery-item\">\n            <dt class=\"gallery-icon\">\n            <img loading=\"lazy\" decoding=\"async\" width=\"1024\" height=\"632\" src=\"https:\/\/www.silene.ong\/wp-content\/uploads\/2018\/11\/XCT.jpg\" class=\"wp-post-image wp-image-69070\" title=\"XCT\" alt=\"XCT\" srcset=\"https:\/\/www.silene.ong\/wp-content\/uploads\/2018\/11\/XCT.jpg 1024w, https:\/\/www.silene.ong\/wp-content\/uploads\/2018\/11\/XCT-757x467.jpg 757w, https:\/\/www.silene.ong\/wp-content\/uploads\/2018\/11\/XCT-768x474.jpg 768w\" sizes=\"auto, (max-width: 1024px) 100vw, 1024px\" \/>            <\/dt>\n             \n                <dd class=\"wp-caption-text gallery-caption\">\n                                                                <span class=\"themify_image_caption\">XCT - Xarxa de cust\u00f2dia del territori<\/span>\n                                    <\/dd>\n                    <\/dl>\n            <dl class=\"gallery-item\">\n            <dt class=\"gallery-icon\">\n            <img loading=\"lazy\" decoding=\"async\" width=\"215\" height=\"234\" src=\"https:\/\/www.silene.ong\/wp-content\/uploads\/2018\/11\/BN-color.jpeg\" class=\"wp-post-image wp-image-69074\" title=\"BN color\" alt=\"BN color\">            <\/dt>\n             \n                <dd class=\"wp-caption-text gallery-caption\">\n                                                                <span class=\"themify_image_caption\">BN - federal Agency for Nature Conservation<\/span>\n                                    <\/dd>\n                    <\/dl>\n            <dl class=\"gallery-item\">\n            <dt class=\"gallery-icon\">\n            <img loading=\"lazy\" decoding=\"async\" width=\"1170\" height=\"469\" src=\"https:\/\/www.silene.ong\/wp-content\/uploads\/2018\/11\/IEC.jpg\" class=\"wp-post-image wp-image-69094\" title=\"IEC\" alt=\"IEC\" srcset=\"https:\/\/www.silene.ong\/wp-content\/uploads\/2018\/11\/IEC.jpg 1170w, https:\/\/www.silene.ong\/wp-content\/uploads\/2018\/11\/IEC-800x321.jpg 800w, https:\/\/www.silene.ong\/wp-content\/uploads\/2018\/11\/IEC-768x308.jpg 768w\" sizes=\"auto, (max-width: 1170px) 100vw, 1170px\" \/>            <\/dt>\n             \n                <dd class=\"wp-caption-text gallery-caption\">\n                                                                <span class=\"themify_image_caption\">Institud d'Estudis Catalans<\/span>\n                                    <\/dd>\n                    <\/dl>\n            <dl class=\"gallery-item\">\n            <dt class=\"gallery-icon\">\n            <img loading=\"lazy\" decoding=\"async\" width=\"536\" height=\"94\" src=\"https:\/\/www.silene.ong\/wp-content\/uploads\/2023\/01\/index.png\" class=\"wp-post-image wp-image-116837\" title=\"\u00edndex\" alt=\"\u00edndex\">            <\/dt>\n             \n                <dd class=\"wp-caption-text gallery-caption\">\n                                                                <span class=\"themify_image_caption\">DG Patrimoni Cultural Catalunya<\/span>\n                                    <\/dd>\n                    <\/dl>\n            <dl class=\"gallery-item\">\n            <dt class=\"gallery-icon\">\n            <img loading=\"lazy\" decoding=\"async\" width=\"218\" height=\"172\" src=\"https:\/\/www.silene.ong\/wp-content\/uploads\/2018\/11\/delos.png\" class=\"wp-post-image wp-image-69102\" title=\"delos\" alt=\"delos\">            <\/dt>\n             \n                <dd class=\"wp-caption-text gallery-caption\">\n                                                                <span class=\"themify_image_caption\">Delos Initiative<\/span>\n                                    <\/dd>\n                    <\/dl>\n            <dl class=\"gallery-item\">\n            <dt class=\"gallery-icon\">\n            <img loading=\"lazy\" decoding=\"async\" width=\"784\" height=\"722\" src=\"https:\/\/www.silene.ong\/wp-content\/uploads\/2018\/11\/UICN.jpg\" class=\"wp-post-image wp-image-69082\" title=\"UICN\" alt=\"UICN\" srcset=\"https:\/\/www.silene.ong\/wp-content\/uploads\/2018\/11\/UICN.jpg 784w, https:\/\/www.silene.ong\/wp-content\/uploads\/2018\/11\/UICN-507x467.jpg 507w, https:\/\/www.silene.ong\/wp-content\/uploads\/2018\/11\/UICN-768x707.jpg 768w, https:\/\/www.silene.ong\/wp-content\/uploads\/2018\/11\/UICN-760x700.jpg 760w\" sizes=\"auto, (max-width: 784px) 100vw, 784px\" \/>            <\/dt>\n             \n                <dd class=\"wp-caption-text gallery-caption\">\n                                                                <span class=\"themify_image_caption\">UICN<\/span>\n                                    <\/dd>\n                    <\/dl>\n            <dl class=\"gallery-item\">\n            <dt class=\"gallery-icon\">\n            <img loading=\"lazy\" decoding=\"async\" width=\"1111\" height=\"262\" src=\"https:\/\/www.silene.ong\/wp-content\/uploads\/2018\/11\/CSVPA.jpeg\" class=\"wp-post-image wp-image-69078\" title=\"CSVPA\" alt=\"CSVPA\" srcset=\"https:\/\/www.silene.ong\/wp-content\/uploads\/2018\/11\/CSVPA.jpeg 1111w, https:\/\/www.silene.ong\/wp-content\/uploads\/2018\/11\/CSVPA-800x189.jpeg 800w, https:\/\/www.silene.ong\/wp-content\/uploads\/2018\/11\/CSVPA-768x181.jpeg 768w\" sizes=\"auto, (max-width: 1111px) 100vw, 1111px\" \/>            <\/dt>\n             \n                <dd class=\"wp-caption-text gallery-caption\">\n                                                                <span class=\"themify_image_caption\">Cultural and Spiritual Values of Protected Areas<\/span>\n                                    <\/dd>\n                    <\/dl>\n            <dl class=\"gallery-item\">\n            <dt class=\"gallery-icon\">\n            <img loading=\"lazy\" decoding=\"async\" width=\"200\" height=\"150\" src=\"https:\/\/www.silene.ong\/wp-content\/uploads\/2023\/01\/ecomuseu-Valls-dAneu.png\" class=\"wp-post-image wp-image-116841\" title=\"ecomuseu Valls d&#039;\u00c0neu\" alt=\"ecomuseu Valls d&#039;\u00c0neu\">            <\/dt>\n             \n                <dd class=\"wp-caption-text gallery-caption\">\n                                                                <span class=\"themify_image_caption\">Ecomuseu de les Valls d'\u00c0neu<\/span>\n                                    <\/dd>\n                    <\/dl>\n            <dl class=\"gallery-item\">\n            <dt class=\"gallery-icon\">\n            <img loading=\"lazy\" decoding=\"async\" width=\"900\" height=\"304\" src=\"https:\/\/www.silene.ong\/wp-content\/uploads\/2018\/11\/SELVANS.png\" class=\"wp-post-image wp-image-69066\" title=\"SELVANS\" alt=\"SELVANS\" srcset=\"https:\/\/www.silene.ong\/wp-content\/uploads\/2018\/11\/SELVANS.png 900w, https:\/\/www.silene.ong\/wp-content\/uploads\/2018\/11\/SELVANS-800x270.png 800w, https:\/\/www.silene.ong\/wp-content\/uploads\/2018\/11\/SELVANS-768x259.png 768w\" sizes=\"auto, (max-width: 900px) 100vw, 900px\" \/>            <\/dt>\n             \n                <dd class=\"wp-caption-text gallery-caption\">\n                                                                <span class=\"themify_image_caption\">Selvans<\/span>\n                                    <\/dd>\n                    <\/dl>\n            <dl class=\"gallery-item\">\n            <dt class=\"gallery-icon\">\n            <img loading=\"lazy\" decoding=\"async\" width=\"175\" height=\"185\" src=\"https:\/\/www.silene.ong\/wp-content\/uploads\/2023\/01\/LogoPN-Alt_Pirineu.jpg\" class=\"wp-post-image wp-image-116845\" title=\"LogoPN-Alt_Pirineu\" alt=\"LogoPN-Alt_Pirineu\">            <\/dt>\n             \n                <dd class=\"wp-caption-text gallery-caption\">\n                                                                <span class=\"themify_image_caption\">Parc Natural de l'Alt Pirineu<\/span>\n                                    <\/dd>\n                    <\/dl>\n            <dl class=\"gallery-item\">\n            <dt class=\"gallery-icon\">\n            <img loading=\"lazy\" decoding=\"async\" width=\"224\" height=\"225\" src=\"https:\/\/www.silene.ong\/wp-content\/uploads\/2023\/01\/CEESP-logo.png\" class=\"wp-post-image wp-image-116853\" title=\"CEESP logo\" alt=\"CEESP logo\">            <\/dt>\n             \n                <dd class=\"wp-caption-text gallery-caption\">\n                                                                <span class=\"themify_image_caption\">Comissi\u00f3 d'Educaci\u00f3 i Pol\u00edtiques Ambientals<\/span>\n                                    <\/dd>\n                    <\/dl>\n            <dl class=\"gallery-item\">\n            <dt class=\"gallery-icon\">\n            <img loading=\"lazy\" decoding=\"async\" width=\"432\" height=\"117\" src=\"https:\/\/www.silene.ong\/wp-content\/uploads\/2018\/11\/UdG.png\" class=\"wp-post-image wp-image-69062\" title=\"UdG\" alt=\"UdG\">            <\/dt>\n             \n                <dd class=\"wp-caption-text gallery-caption\">\n                                                                <span class=\"themify_image_caption\">Universitat de Girona<\/span>\n                                    <\/dd>\n                    <\/dl>\n            <dl class=\"gallery-item\">\n            <dt class=\"gallery-icon\">\n            <img loading=\"lazy\" decoding=\"async\" width=\"1118\" height=\"482\" src=\"https:\/\/www.silene.ong\/wp-content\/uploads\/2018\/11\/CMAP.jpg\" class=\"wp-post-image wp-image-69086\" title=\"CMAP\" alt=\"CMAP\" srcset=\"https:\/\/www.silene.ong\/wp-content\/uploads\/2018\/11\/CMAP.jpg 1118w, https:\/\/www.silene.ong\/wp-content\/uploads\/2018\/11\/CMAP-800x345.jpg 800w, https:\/\/www.silene.ong\/wp-content\/uploads\/2018\/11\/CMAP-768x331.jpg 768w\" sizes=\"auto, (max-width: 1118px) 100vw, 1118px\" \/>            <\/dt>\n             \n                <dd class=\"wp-caption-text gallery-caption\">\n                                                                <span class=\"themify_image_caption\">CMAP - Comisi\u00f3n mundial de \u00e1reas protegidas<\/span>\n                                    <\/dd>\n                    <\/dl>\n    <\/div>\n<\/div>\n<!-- \/module gallery -->        <\/div>\n                        <\/div>\n        <\/div>\n        <\/div>\n<!--\/themify_builder_content-->\n","protected":false},"excerpt":{"rendered":"<p>Partners Silene is a member of the Spanish Iniciativa Comunales, from the Network for the learning of protected&#8230;<\/p>\n","protected":false},"author":21,"featured_media":73460,"parent":0,"menu_order":0,"comment_status":"closed","ping_status":"closed","template":"","meta":{"_acf_changed":false,"footnotes":""},"class_list":["post-69324","page","type-page","status-publish","has-post-thumbnail","hentry","has-post-title","has-post-date","has-post-category","has-post-tag","has-post-comment","has-post-author",""],"acf":[],"_links":{"self":[{"href":"https:\/\/www.silene.ong\/en\/wp-json\/wp\/v2\/pages\/69324","targetHints":{"allow":["GET"]}}],"collection":[{"href":"https:\/\/www.silene.ong\/en\/wp-json\/wp\/v2\/pages"}],"about":[{"href":"https:\/\/www.silene.ong\/en\/wp-json\/wp\/v2\/types\/page"}],"author":[{"embeddable":true,"href":"https:\/\/www.silene.ong\/en\/wp-json\/wp\/v2\/users\/21"}],"replies":[{"embeddable":true,"href":"https:\/\/www.silene.ong\/en\/wp-json\/wp\/v2\/comments?post=69324"}],"version-history":[{"count":42,"href":"https:\/\/www.silene.ong\/en\/wp-json\/wp\/v2\/pages\/69324\/revisions"}],"predecessor-version":[{"id":116865,"href":"https:\/\/www.silene.ong\/en\/wp-json\/wp\/v2\/pages\/69324\/revisions\/116865"}],"wp:featuredmedia":[{"embeddable":true,"href":"https:\/\/www.silene.ong\/en\/wp-json\/"}],"wp:attachment":[{"href":"https:\/\/www.silene.ong\/en\/wp-json\/wp\/v2\/media?parent=69324"}],"curies":[{"name":"wp","href":"https:\/\/api.w.org\/{rel}","templated":true}]}}