{"id":69270,"date":"2018-11-30T11:56:42","date_gmt":"2018-11-30T09:56:42","guid":{"rendered":"http:\/\/silene.idilicstudio.com\/?page_id=69270"},"modified":"2025-03-20T16:59:15","modified_gmt":"2025-03-20T15:59:15","slug":"asociacion","status":"publish","type":"page","link":"https:\/\/www.silene.ong\/es\/asociacion","title":{"rendered":"Asociaci\u00f3n"},"content":{"rendered":"<h1>La Asociacio\u0301n Silene<\/h1>\n<h2>Misi\u00f3n<\/h2>\n<p>Silene es una organizacio\u0301n sin \u00e1nimo lucrativo, establecida en Catalu\u00f1a, que tiene por misio\u0301n estudiar, divulgar y promover el patrimonio inmaterial (espiritual y cultural) y sus valores asociados en relacio\u0301n con la Naturaleza y su conservacio\u0301n, especialmente en \u00e1reas protegidas.<\/p>\n<h2>Visi\u00f3n<\/h2>\n<p>Quiere convertirse en una entidad de referencia en la promoci\u00f3n de los valores y significados que conforman el patrimonio espiritual y cultural inmaterial vinculados a la Naturaleza, asi\u0301 como en su integracio\u0301n en diversos \u00e1mbitos de la conservacio\u0301n, tales como especies, espacios, paisajes, etc. y en las estrategias de desarrollo de organizaciones interesadas.<\/p>\n<h2>Valores<\/h2>\n<p>Los valores que inspiran a Silene rigen su posicionamiento y configuran las directrices de sus actividades:<\/p>\n<p>\u2022 La <strong>humildad<\/strong> es un valor fundamental que influy\u00f3 la elecci\u00f3n del nombre de la asociaci\u00f3n: una flor discreta y humilde, que crece en lugares pedregosos, a menudo cerca de los caminos, sorteando dificultades para mostrar su belleza.<br \/>\n\u2022 La <strong>espiritualidad<\/strong>, consubstancial al ser humano y mediante la cual nos percatamos que formamos parte de Algo que nos transciende y que nos vincula con el resto de la realidad, con todos los seres vivos, visibles e invisibles, impuls\u00e1ndonos a la trascendencia y la comuni\u00f3n.<br \/>\n\u2022 La <strong>sobriedad,<\/strong> entendida como el arte de la moderacio\u0301n vital, que nos permite gozar sanamente, de manera fructi\u0301fera, y que nos vincula desde una perspectiva de solidaridad universal con la humanidad, la vida y el cosmos.<br \/>\n\u2022 El contacto profundo con la Naturaleza como un componente esencial de nuestro bienestar y desarrollo integral (f\u00edsico, psicol\u00f3gico y espiritual), de donde deriva la opci\u00f3n por la <strong>naturalidad<\/strong>.<br \/>\n\u2022 El reconocimiento de la <strong>Naturaleza como maestra<\/strong>, que siempre nos habla, a veces de manera clara y otras sutil, cuando tenemos una actitud receptiva para escucharla, para descubrir verdades fundamentales en sus s\u00edmbolos y manifestaciones.<br \/>\n\u2022 La <strong>sinergia<\/strong> para actuar siempre que sea posible en colaboracio\u0301n con otras entidades o personas, procurando catalizar cambios en la direcci\u00f3n de nuestra visio\u0301n, impulsando al mismo tiempo valores que nos conecten i\u0301ntimamente con la Naturaleza.<\/p>\n<h2>\u00bfQui\u00e9n forma parte de Silene?<\/h2>\n<p>La asociaci\u00f3n Silene tiene tres tipos de miembros: activos, colaboradores y patrocinadores. Los miembros activos, que constituyen el equipo de trabajo actual, son los siguientes:<\/p>\n<p><img loading=\"lazy\" decoding=\"async\" class=\"wp-image-74113 alignleft\" src=\"https:\/\/www.silene.ong\/wp-content\/uploads\/2019\/02\/JM-Mallarach-2017-420x467.jpg\" alt=\"\" width=\"208\" height=\"231\" srcset=\"https:\/\/www.silene.ong\/wp-content\/uploads\/2019\/02\/JM-Mallarach-2017-420x467.jpg 420w, https:\/\/www.silene.ong\/wp-content\/uploads\/2019\/02\/JM-Mallarach-2017-768x854.jpg 768w, https:\/\/www.silene.ong\/wp-content\/uploads\/2019\/02\/JM-Mallarach-2017-629x700.jpg 629w, https:\/\/www.silene.ong\/wp-content\/uploads\/2019\/02\/JM-Mallarach-2017.jpg 848w\" sizes=\"auto, (max-width: 208px) 100vw, 208px\" \/><strong>Josep Maria Mallarach<\/strong><\/p>\n<p>Es miembro de la Comisi\u00f3n Mundial de \u00c1reas Protegidas de la UICN y del Comit\u00e9 Directivo del <a href=\"https:\/\/csvpa.org\/\" target=\"_blank\" rel=\"noopener\">Grupo especialista en valores culturales y espirituales de los espacios naturales protegidos<\/a>. Coordin\u00f3, junto con Thymio Papayannis, la<a href=\"http:\/\/www.med-ina.org\/delos\/\" target=\"_blank\" rel=\"noopener\"> Iniciativa Delos,<\/a> dedicada a la salvaguarda de espacios naturales sagrados de pa\u00edses tecnol\u00f3gicamente desarrollados. Es autor, coautor o editor de numerosos libros y art\u00edculos sobre estos temas. Dirigi\u00f3 un curso de postgrado en valores y significados espirituales de la naturaleza durante seis a\u00f1os y es docente de dicho tema en diversas universidades espa\u00f1olas. Es licenciado en Geolog\u00eda, m\u00e1ster en Ciencias Ambientales y doctor en Biolog\u00eda Ambiental.<\/p>\n<p>&nbsp;<\/p>\n<p><span lang=\"ca-ES\"><strong><img loading=\"lazy\" decoding=\"async\" class=\"wp-image-113516 alignleft\" src=\"https:\/\/www.silene.ong\/wp-content\/uploads\/2022\/07\/2022-07-23-16-52-59-526-1-467x467.jpg\" alt=\"\" width=\"212\" height=\"212\" srcset=\"https:\/\/www.silene.ong\/wp-content\/uploads\/2022\/07\/2022-07-23-16-52-59-526-1-467x467.jpg 467w, https:\/\/www.silene.ong\/wp-content\/uploads\/2022\/07\/2022-07-23-16-52-59-526-1-701x700.jpg 701w, https:\/\/www.silene.ong\/wp-content\/uploads\/2022\/07\/2022-07-23-16-52-59-526-1-768x767.jpg 768w, https:\/\/www.silene.ong\/wp-content\/uploads\/2022\/07\/2022-07-23-16-52-59-526-1.jpg 948w\" sizes=\"auto, (max-width: 212px) 100vw, 212px\" \/>Xavier Perarnau <\/strong><\/span><\/p>\n<p>Ha cursado estudios de Antropolog\u00eda y Filosof\u00eda, y el Postgrado Significados y valores espirituales de la Naturaleza. Amante de las artes y de la monta\u00f1a, profundiza y promueve el conocimiento y actividades de la tr\u00edada Naturaleza, Arte y Espiritualidad en resonancia con la concepci\u00f3n de la ecosof\u00eda o ecolog\u00eda espiritual. Fue miembro del <a href=\"https:\/\/farreracan.cat\/\" target=\"_blank\" rel=\"noopener\">Centre d&#8217;Art i Natura<\/a> de Farrera. Impulsa la iniciativa <em>Esperit de Cura.<\/em><\/p>\n<p>&nbsp;<\/p>\n<p>&nbsp;<\/p>\n<p><img loading=\"lazy\" decoding=\"async\" class=\"wp-image-115056 size-full alignleft\" src=\"https:\/\/www.silene.ong\/wp-content\/uploads\/2022\/11\/Mariona2.jpg\" alt=\"\" width=\"209\" height=\"209\" \/><\/p>\n<p><strong>Mariona Aragay<\/strong><\/p>\n<p>Fil\u00f3loga cl\u00e1sica formada en gesti\u00f3n cultural y comunicaci\u00f3n, con m\u00e1s de quince a\u00f1os de experiencia en el sector cultural, art\u00edstico, social y educativo. Es tambi\u00e9n Gu\u00eda de ba\u00f1os de bosque y posgrado en significados y valores espirituales de la naturaleza, interesada en reequilibrar la relaci\u00f3n y el v\u00ednculo entre las personas con la naturaleza.<\/p>\n<p>&nbsp;<\/p>\n<p>&nbsp;<\/p>\n<p>&nbsp;<\/p>\n<p><img loading=\"lazy\" decoding=\"async\" class=\"wp-image-74733 alignleft\" src=\"https:\/\/www.silene.ong\/wp-content\/uploads\/2019\/02\/laia_montsant-3.jpg\" alt=\"\" width=\"209\" height=\"209\" \/><\/p>\n<p><strong>Laia Llongueres <\/strong><\/p>\n<p>Responsable del dise\u00f1o y coordinaci\u00f3n de la p\u00e1gina web de Silene donde colabora facilitando la integraci\u00f3n de contenidos por medio del lenguaje simb\u00f3lico de las artes. Combina investigaci\u00f3n y pedagog\u00eda a trav\u00e9s de talleres vivenciales en la Naturaleza. Guia de Bosques Terap\u00e9uticos por la associaci\u00f3n S\u00e8lvans. Profesora en el postgrado: <a href=\"https:\/\/www.fundacioudg.org\/ca\/curs-especialitzacio-guiatge-boscos-terapeutics-certificacio-guia-bosc-terapeutic-selvans.html\" target=\"_blank\" rel=\"noopener\">Formaci\u00f3 Guiatge en Boscos Terap\u00e8utics<\/a> en la <em>Universitat de Girona<\/em>.\u00a0 Coordin\u00f3 el Ciclo <em>Interioridad Sagrada, la M\u00edstica a trav\u00e9s de diferentes Tradiciones espirituales<\/em>, en el Monasterio de Sant Pere de las Puel.les de Barcelona.<\/p>\n<p>&nbsp;<\/p>\n<p>&nbsp;<\/p>\n<p><b><img loading=\"lazy\" decoding=\"async\" class=\"alignleft wp-image-90969\" src=\"https:\/\/www.silene.ong\/wp-content\/uploads\/2019\/11\/francescbellaubi.jpg\" alt=\"\" width=\"210\" height=\"210\" \/>Francesc Bellaub\u00ed<\/b><\/p>\n<p>Durante m\u00e1s de veinte a\u00f1os, ha ofrecido asistencia t\u00e9cnica a organizaciones de desarrollo y agencias internacionales, ONG e instituciones de investigaci\u00f3n de diferentes pa\u00edses de Am\u00e9rica, \u00c1frica y Asia-Pac\u00edfico en la gesti\u00f3n de los recursos naturales. Tras doctorarse en Ciencias Naturales, se dedica a la investigaci\u00f3n sobre geo\u00e9tica e integridad, as\u00ed como sobre el activismo espiritual. Con sede en Berl\u00edn.<\/p>\n<p>&nbsp;<\/p>\n<p>&nbsp;<\/p>\n<p><strong><img loading=\"lazy\" decoding=\"async\" class=\"wp-image-108785 alignleft\" src=\"https:\/\/www.silene.ong\/wp-content\/uploads\/2021\/10\/foto-Marcel\u00b7li-Silene-2-440x467.jpg\" alt=\"\" width=\"196\" height=\"208\" srcset=\"https:\/\/www.silene.ong\/wp-content\/uploads\/2021\/10\/foto-Marcel\u00b7li-Silene-2-440x467.jpg 440w, https:\/\/www.silene.ong\/wp-content\/uploads\/2021\/10\/foto-Marcel\u00b7li-Silene-2-660x700.jpg 660w, https:\/\/www.silene.ong\/wp-content\/uploads\/2021\/10\/foto-Marcel\u00b7li-Silene-2-768x814.jpg 768w, https:\/\/www.silene.ong\/wp-content\/uploads\/2021\/10\/foto-Marcel\u00b7li-Silene-2.jpg 1338w\" sizes=\"auto, (max-width: 196px) 100vw, 196px\" \/> Marcel\u00b7l\u00ed Mora<\/strong><\/p>\n<p>Profesor de instituto a lo largo de veinticinco a\u00f1os, se dedica actualmente a la escritura en el marco de proyectos literarios y pedag\u00f3gicos de educaci\u00f3n ambiental, emocional y en valores. Ha publicado la novela <a href=\"https:\/\/www.pageseditors.cat\/ca\/floriran-roselles.html\" target=\"_blank\" rel=\"noopener\"><em>Floriran roselles<\/em><\/a> y los cuentos <em>El cant del Feng<\/em> y <em>Bombolleta<\/em>. Est\u00e1 arreglando <em>L&#8217; hort d&#8217;en Miquel<\/em>, un espacio ajardinado para el paseo contemplativo en Penelles (Catalu\u00f1a). Es licenciado en Filosof\u00eda, diplomado en Teolog\u00eda y graduado en Psicolog\u00eda. Ha cursado el postgrado en Significados y Valores Espirituales de la Naturaleza.<\/p>\n<p>&nbsp;<\/p>\n<p>&nbsp;<\/p>\n<p><b><img loading=\"lazy\" decoding=\"async\" class=\"wp-image-97605 size-full alignleft\" src=\"https:\/\/www.silene.ong\/wp-content\/uploads\/2020\/04\/estarelles.jpeg\" alt=\"\" width=\"200\" height=\"200\" \/><\/b><\/p>\n<p><b>Jaume Estarellas<\/b><\/p>\n<p>Bi\u00f3logo ambiental. En el marco de <a href=\"http:\/\/www.med-ina.org\/delos\/\" target=\"_blank\" rel=\"noopener\">la Iniciativa Delos<\/a> de la UICN particip\u00f3 en la elaboraci\u00f3n de los estudios de caso del Santuario del Roc\u00edo en el Parque Nacional de Do\u00f1ana y del Parque Natural de Montsant, ambos en Espa\u00f1a. Colaborador <a href=\"http:\/\/www.redeuroparc.org\/system\/files\/shared\/manual10.pdf\" target=\"_blank\" rel=\"noopener\">de la gu\u00eda para integrar los valores culturales y espirituales en las \u00e1reas protegidas<\/a> publicada por Silene y Europarc-Espa\u00f1a en 2012. Es t\u00e9cnico de biodiversidad del Consejo Insular de Ibiza, (Islas Baleares), responsable de temas de gesti\u00f3n y protecci\u00f3n ambiental.<\/p>\n<p>&nbsp;<\/p>\n","protected":false},"excerpt":{"rendered":"<p>La Asociacio\u0301n Silene Misi\u00f3n Silene es una organizacio\u0301n sin \u00e1nimo lucrativo, establecida en Catalu\u00f1a, que tiene por misio\u0301n&#8230;<\/p>\n","protected":false},"author":21,"featured_media":97605,"parent":0,"menu_order":0,"comment_status":"closed","ping_status":"closed","template":"","meta":{"_acf_changed":false,"footnotes":""},"class_list":["post-69270","page","type-page","status-publish","has-post-thumbnail","hentry","has-post-title","has-post-date","has-post-category","has-post-tag","has-post-comment","has-post-author",""],"acf":[],"_links":{"self":[{"href":"https:\/\/www.silene.ong\/es\/wp-json\/wp\/v2\/pages\/69270","targetHints":{"allow":["GET"]}}],"collection":[{"href":"https:\/\/www.silene.ong\/es\/wp-json\/wp\/v2\/pages"}],"about":[{"href":"https:\/\/www.silene.ong\/es\/wp-json\/wp\/v2\/types\/page"}],"author":[{"embeddable":true,"href":"https:\/\/www.silene.ong\/es\/wp-json\/wp\/v2\/users\/21"}],"replies":[{"embeddable":true,"href":"https:\/\/www.silene.ong\/es\/wp-json\/wp\/v2\/comments?post=69270"}],"version-history":[{"count":95,"href":"https:\/\/www.silene.ong\/es\/wp-json\/wp\/v2\/pages\/69270\/revisions"}],"predecessor-version":[{"id":126660,"href":"https:\/\/www.silene.ong\/es\/wp-json\/wp\/v2\/pages\/69270\/revisions\/126660"}],"wp:featuredmedia":[{"embeddable":true,"href":"https:\/\/www.silene.ong\/es\/wp-json\/wp\/v2\/media\/97605"}],"wp:attachment":[{"href":"https:\/\/www.silene.ong\/es\/wp-json\/wp\/v2\/media?parent=69270"}],"curies":[{"name":"wp","href":"https:\/\/api.w.org\/{rel}","templated":true}]}}