{"id":69271,"date":"2018-11-30T11:56:42","date_gmt":"2018-11-30T09:56:42","guid":{"rendered":"http:\/\/silene.idilicstudio.com\/?page_id=69271"},"modified":"2021-02-19T21:06:40","modified_gmt":"2021-02-19T20:06:40","slug":"aviso-legal","status":"publish","type":"page","link":"https:\/\/www.silene.ong\/es\/aviso-legal","title":{"rendered":"Aviso legal"},"content":{"rendered":"<h1>Aviso legal p\u00e1gina web<\/h1>\n<h2>1. Informaci\u00f3n corporativa<\/h2>\n<p>En virtud de las obligaciones establecidas por la Ley 34\/2002, de Servicios de la Sociedad de la Informaci\u00f3n y de Comercio Electr\u00f3nico, le informamos que esta p\u00e1gina web es propiedad de la Asociaci\u00f3n cultural Silene, en adelante Silene, que tiene la su sede social en la calle de Alfons V, 7, 1\u00ba, 1\u00aa, 17800 Olot, Catalu\u00f1a (Espa\u00f1a); con C.I.F. G17907486, y direcci\u00f3n electr\u00f3nica email@silene.org.\u00a0Esta asociaci\u00f3n consta inscrita en el Registro de Asociaciones de la Generalitat de Catalunya con el n\u00famero 32.684.<\/p>\n<h2>2. Protecci\u00f3n de contenidos<\/h2>\n<p>L&#8217;usuari reconeix i accepta que tots els drets de propietat industrial i intel\u00b7lectual sobre els continguts i\/o qualsevol altre element inserit per SILENE en aquesta p\u00e0gina Web (incloent, a t\u00edtol merament enunciatiu i no limitatiu, tots aquells elements que conformen l&#8217;aparen\u00e7a visual, imatge gr\u00e0fica i altres est\u00edmuls sensorials del lloc web o \u00ablook and feel\u00bb: marques, logotips, noms comercials, textos, imatges, gr\u00e0fics, dissenys, sons, bases de dades, software, diagrames de flux, presentaci\u00f3, arquitectura de navegaci\u00f3, aix\u00ed com els codis font de les p\u00e0gines web) pertanyen a SILENE i\/o a tercers als quals els han estat cedits els seus drets.<br \/>\nEn cap cas, l&#8217;acc\u00e9s al Lloc Web implica algun tipus de perm\u00eds, ren\u00fancia, transmissi\u00f3, llic\u00e8ncia o cessi\u00f3 total ni parcial d&#8217;aquests drets per part dels seus titulars, llevat que s&#8217;estableixi expressament el contrari. Aquests termes i condicions d&#8217;\u00fas del Lloc Web no confereixen als usuaris cap altre dret d&#8217;utilitzaci\u00f3, alteraci\u00f3, explotaci\u00f3, reproducci\u00f3, distribuci\u00f3 o comunicaci\u00f3 p\u00fablica del Lloc Web i\/o dels seus continguts diferent als aqu\u00ed expressament previstos.<\/p>\n<p>Queda totalment prohibida la utilitzaci\u00f3 d&#8217;aquests elements, la seva total o parcial reproducci\u00f3, comunicaci\u00f3 i\/o distribuci\u00f3 amb finalitats comercials o lucratives, aix\u00ed com la seva modificaci\u00f3, alteraci\u00f3, descompilaci\u00f3 i\/o qualsevol altre acte d&#8217;explotaci\u00f3 del Lloc Web.<\/p>\n<p>Sense perjudici de tot l&#8217;esmentat anteriorment, si l&#8217;usuari o un tercer estima que algun contingut del Lloc Web pot vulnerar els drets de propietat intel\u00b7lectual i industrial, preguem que ho ens ho faci saber al m\u00e9s aviat possible.<\/p>\n<h2>3. Acceso y uso del Sitio Web<\/h2>\n<p>Tanto el acceso al Sitio Web como el uso no consentido que pueda hacerse de la informaci\u00f3n contenida en la p\u00e1gina es exclusivamente responsabilidad de quien lo realiza.<br \/>\nEl usuario se compromete a utilizar los contenidos, informaci\u00f3n y datos del Sitio Web de conformidad con las condiciones, t\u00e9rminos y pol\u00edticas vigentes, con la normativa de aplicaci\u00f3n y con las buenas costumbres generalmente aceptadas y el orden p\u00fablico.<br \/>\nEl usuario se abstendr\u00e1 de utilizar los contenidos del Sitio Web con fines o efectos il\u00edcitos, prohibidos o contrarios a los aqu\u00ed establecidos, lesivos de los derechos e intereses de Silene del resto de usuarios, de terceros o que de cualquier forma puedan da\u00f1ar, inutilizar, sobrecargar o deteriorar este sitio Web o impedir la normal utilizaci\u00f3n o el hecho de disfrutar de ellas por parte de los usuarios. Silene no responder\u00e1 de ninguna consecuencia, da\u00f1o o perjuicio que pudiera derivarse de dicho acceso o uso o del incumplimiento de las presentes condiciones, t\u00e9rminos y pol\u00edticas ni se har\u00e1 responsable de los errores de seguridad que se puedan producir ni de los desperfectos que puedan causarse al sistema inform\u00e1tico del usuario (hardware y software) o los ficheros o documentos almacenados en el mismo como consecuencia de:<br \/>\nLa presencia de un virus en el ordenador del usuario que sea utilizado para la conexi\u00f3n a los servicios y \/ o productos ofrecidos por Silene a trav\u00e9s de su Sitio Web; un mal funcionamiento del navegador; el uso de versiones no actualizadas del sistema.<\/p>\n<h2>4. Enlaces a terceros<\/h2>\n<p>En este Sitio Web se pueden utilizar enlaces a otras p\u00e1ginas web. Silene no se responsabiliza ni del contenido ni de las medidas de seguridad adoptadas por cualquier otra p\u00e1gina web a la que se tiene acceso desde este Sitio Web, p\u00e1ginas a las que el interesado accede bajo su \u00fanica responsabilidad.<\/p>\n<p>Del mismo modo, tampoco se garantiza la ausencia de virus u otros elementos en los contenidos enlazados desde el Sitio Web de Silene que puedan producir alteraciones en el sistema inform\u00e1tico (hardware y software) y \/ o en los documentos o los ficheros del usuario, eximiendo igualmente Silene de toda responsabilidad derivada de los da\u00f1os de cualquier tipo ocasionados por todo lo descrito anteriormente.<\/p>\n<h2>5. Redes sociales<\/h2>\n<p>Le informamos que Silene puede estar presente en las redes sociales. El tratamiento de los datos que se lleve a cabo de las personas que se hagan seguidoras en las redes sociales (y \/ o realicen cualquier v\u00ednculo o acci\u00f3n de conexi\u00f3n a trav\u00e9s de las redes sociales) de las p\u00e1ginas oficiales de Silene se regir\u00e1 por este apartado , as\u00ed como para aquellas condiciones de uso, pol\u00edticas de privacidad y normativas de acceso que pertenezcan a la red social que proceda en cada caso y aceptadas previamente por el usuario. Silene tratar\u00e1 sus datos con el fin de administrar correctamente su presencia en la red social, inform\u00e1ndole de actividades, productos o servicios de Silene, as\u00ed como con cualquier otra finalidad que las normativas de las Redes Sociales permitan.<\/p>\n<p>Queda prohibida la publicaci\u00f3n de contenidos:<\/p>\n<p>Que sean presuntamente il\u00edcitos por la normativa nacional, comunitaria o internacional o que realicen actividades presuntamente il\u00edcitas o contravengan los principios de la buena fe. Que atenten contra los derechos fundamentales de las personas, falten a la cortes\u00eda en la red, molesten o puedan generar opiniones negativas en nuestros usuarios o terceros y en general cualquier contenido que considere no apropiados. Y en general que contravengan los principios de legalidad, honorabilidad, responsabilidad, protecci\u00f3n de la dignidad humana, protecci\u00f3n de menores, protecci\u00f3n del orden p\u00fablico, la protecci\u00f3n de la vida privada, protecci\u00f3n del consumidor y los derechos de propiedad intelectual e industrial.<\/p>\n<p>Sin embargo, Silene se reserva la potestad de retirar, sin previo aviso de la p\u00e1gina web o de la red social corporativa aquellos contenidos que se consideren no apropiados.<\/p>\n<h2>6. Modificaci\u00f3n del AVISO LEGAL<\/h2>\n<p>Silene se reserva el derecho a modificar en cualquier momento, y sin aviso previo, este aviso legal para adaptarlo a las novedades legislativas o jurisprudenciales, as\u00ed como a las pr\u00e1cticas que procedan, con la obligaci\u00f3n, por parte de la usuario consultar peri\u00f3dicamente estas condiciones, t\u00e9rminos y pol\u00edticas con el fin de comprobar o asegurarse de la existencia de cambios, tomando como referencia la fecha de la \u00faltima actualizaci\u00f3n.<\/p>\n<!--themify_builder_content-->\n<div id=\"themify_builder_content-69271\" data-postid=\"69271\" class=\"themify_builder_content themify_builder_content-69271 themify_builder tf_clear\">\n    <\/div>\n<!--\/themify_builder_content-->\n","protected":false},"excerpt":{"rendered":"<p>Aviso legal p\u00e1gina web 1. Informaci\u00f3n corporativa En virtud de las obligaciones establecidas por la Ley 34\/2002, de&#8230;<\/p>\n","protected":false},"author":21,"featured_media":73460,"parent":0,"menu_order":0,"comment_status":"closed","ping_status":"closed","template":"","meta":{"_acf_changed":false,"footnotes":""},"class_list":["post-69271","page","type-page","status-publish","has-post-thumbnail","hentry","has-post-title","has-post-date","has-post-category","has-post-tag","has-post-comment","has-post-author",""],"acf":[],"_links":{"self":[{"href":"https:\/\/www.silene.ong\/es\/wp-json\/wp\/v2\/pages\/69271","targetHints":{"allow":["GET"]}}],"collection":[{"href":"https:\/\/www.silene.ong\/es\/wp-json\/wp\/v2\/pages"}],"about":[{"href":"https:\/\/www.silene.ong\/es\/wp-json\/wp\/v2\/types\/page"}],"author":[{"embeddable":true,"href":"https:\/\/www.silene.ong\/es\/wp-json\/wp\/v2\/users\/21"}],"replies":[{"embeddable":true,"href":"https:\/\/www.silene.ong\/es\/wp-json\/wp\/v2\/comments?post=69271"}],"version-history":[{"count":2,"href":"https:\/\/www.silene.ong\/es\/wp-json\/wp\/v2\/pages\/69271\/revisions"}],"predecessor-version":[{"id":81179,"href":"https:\/\/www.silene.ong\/es\/wp-json\/wp\/v2\/pages\/69271\/revisions\/81179"}],"wp:featuredmedia":[{"embeddable":true,"href":"https:\/\/www.silene.ong\/es\/wp-json\/"}],"wp:attachment":[{"href":"https:\/\/www.silene.ong\/es\/wp-json\/wp\/v2\/media?parent=69271"}],"curies":[{"name":"wp","href":"https:\/\/api.w.org\/{rel}","templated":true}]}}