{"id":69273,"date":"2018-11-30T11:56:43","date_gmt":"2018-11-30T09:56:43","guid":{"rendered":"http:\/\/silene.idilicstudio.com\/?page_id=69273"},"modified":"2022-01-31T19:36:00","modified_gmt":"2022-01-31T18:36:00","slug":"condiciones-para-la-aceptacion-de-trabajos","status":"publish","type":"page","link":"https:\/\/www.silene.ong\/es\/condiciones-para-la-aceptacion-de-trabajos","title":{"rendered":"Condiciones para la aceptaci\u00f3n de trabajos"},"content":{"rendered":"<h1 class=\"txttit\"><strong>C<\/strong>ondiciones para la aceptaci\u00f3n de trabajos<\/h1>\n<p>Para la aceptaci\u00f3n, incorporaci\u00f3n y difusi\u00f3n de trabajos originales a trav\u00e9s del Centro de Documentaci\u00f3n de Silene y mediante su web, el autor deber\u00e1 aceptar las siguientes condiciones:<\/p>\n<p>1. El autor\/es declara que el documento es un trabajo suyo original y que no infringe los derechos de autor de terceras personas.<br \/>\n2. El autor\/so el propietario\/s de los derechos de autor otorga a Silene el derecho no exclusivo de archivar, reproducir, comunicar y distribuir su documento a trav\u00e9s del Centro de Documentaci\u00f3n de la p\u00e1gina web de Silene (www.silene.ong).<br \/>\n3. Silene, a trav\u00e9s de su p\u00e1gina web, identificar\u00e1 claramente al autor\/es del documento.<br \/>\n4.Con el objetivo de preservar el documento, Silene podr\u00e1 guardar m\u00e1s de una copia del documento, sin cambiar su contenido.<br \/>\n5. En la Nota legal de la p\u00e1gina web de Silene, se expresa que los art\u00edculos y comunicaciones que aparecen en www.silene.ong son propiedad de cada autor individual y que por tanto, no se permite la reproducci\u00f3n, copia, distribuci\u00f3n, comunicaci\u00f3n p\u00fablica , transformaci\u00f3n o comercializaci\u00f3n de esta informaci\u00f3n sin la autorizaci\u00f3n expresa de sus autores o propietarios de los derechos de explotaci\u00f3n.<br \/>\n6. Este dep\u00f3sito ser\u00e1 para un plazo indefinido.<\/p>\n<!--themify_builder_content-->\n<div id=\"themify_builder_content-69273\" data-postid=\"69273\" class=\"themify_builder_content themify_builder_content-69273 themify_builder tf_clear\">\n    <\/div>\n<!--\/themify_builder_content-->\n","protected":false},"excerpt":{"rendered":"<p>Condiciones para la aceptaci\u00f3n de trabajos Para la aceptaci\u00f3n, incorporaci\u00f3n y difusi\u00f3n de trabajos originales a trav\u00e9s del&#8230;<\/p>\n","protected":false},"author":21,"featured_media":73460,"parent":0,"menu_order":0,"comment_status":"closed","ping_status":"closed","template":"","meta":{"_acf_changed":false,"footnotes":""},"class_list":["post-69273","page","type-page","status-publish","has-post-thumbnail","hentry","has-post-title","has-post-date","has-post-category","has-post-tag","has-post-comment","has-post-author",""],"acf":[],"_links":{"self":[{"href":"https:\/\/www.silene.ong\/es\/wp-json\/wp\/v2\/pages\/69273","targetHints":{"allow":["GET"]}}],"collection":[{"href":"https:\/\/www.silene.ong\/es\/wp-json\/wp\/v2\/pages"}],"about":[{"href":"https:\/\/www.silene.ong\/es\/wp-json\/wp\/v2\/types\/page"}],"author":[{"embeddable":true,"href":"https:\/\/www.silene.ong\/es\/wp-json\/wp\/v2\/users\/21"}],"replies":[{"embeddable":true,"href":"https:\/\/www.silene.ong\/es\/wp-json\/wp\/v2\/comments?post=69273"}],"version-history":[{"count":6,"href":"https:\/\/www.silene.ong\/es\/wp-json\/wp\/v2\/pages\/69273\/revisions"}],"predecessor-version":[{"id":111007,"href":"https:\/\/www.silene.ong\/es\/wp-json\/wp\/v2\/pages\/69273\/revisions\/111007"}],"wp:featuredmedia":[{"embeddable":true,"href":"https:\/\/www.silene.ong\/es\/wp-json\/"}],"wp:attachment":[{"href":"https:\/\/www.silene.ong\/es\/wp-json\/wp\/v2\/media?parent=69273"}],"curies":[{"name":"wp","href":"https:\/\/api.w.org\/{rel}","templated":true}]}}