{"id":69277,"date":"2018-11-30T11:56:43","date_gmt":"2018-11-30T09:56:43","guid":{"rendered":"http:\/\/silene.idilicstudio.com\/?page_id=69277"},"modified":"2022-02-01T15:11:24","modified_gmt":"2022-02-01T14:11:24","slug":"privacidad-de-datos","status":"publish","type":"page","link":"https:\/\/www.silene.ong\/es\/privacidad-de-datos","title":{"rendered":"Privacidad de datos"},"content":{"rendered":"<h1>P<span class=\"VIiyi\" lang=\"es\"><span class=\"JLqJ4b\" data-language-for-alternatives=\"es\" data-language-to-translate-into=\"ca\" data-phrase-index=\"0\" data-number-of-phrases=\"1\">ol\u00edtica de privacidad de datos <\/span><\/span><\/h1>\n<h3><span class=\"VIiyi\" lang=\"es\"><span class=\"JLqJ4b\" data-language-for-alternatives=\"es\" data-language-to-translate-into=\"ca\" data-phrase-index=\"0\" data-number-of-phrases=\"1\">1. Responsable <\/span><\/span><\/h3>\n<p><span class=\"VIiyi\" lang=\"es\"><span class=\"JLqJ4b\" data-language-for-alternatives=\"es\" data-language-to-translate-into=\"ca\" data-phrase-index=\"0\" data-number-of-phrases=\"1\">Los datos de car\u00e1cter personal que nos facilite a trav\u00e9s del sitio web www.silene.ong (en adelante, el \u00abSitio Web\u00bb) como usuario del mismo ser\u00e1n incluidos en un fichero titularidad SILENE ONG a partir de ahora SILENE, con domicilio social en C\/ Alfons V\u00e8, 7, 1r, 1a , 17800 Olot (Girona), Espa\u00f1a); provista de N.I.F. n\u00ba G17907486 y con correo electr\u00f3nico info@silene.ong.<\/span><\/span><\/p>\n<p><span class=\"VIiyi\" lang=\"es\"><span class=\"JLqJ4b\" data-language-for-alternatives=\"es\" data-language-to-translate-into=\"ca\" data-phrase-index=\"0\" data-number-of-phrases=\"1\"> El tratamiento de sus datos y la presente Pol\u00edtica de Privacidad se regir\u00e1 por el Reglamento General de Protecci\u00f3n de Datos o Reglamento [UE] 2016\/679). <\/span><\/span><\/p>\n<h3><span class=\"VIiyi\" lang=\"es\"><span class=\"JLqJ4b\" data-language-for-alternatives=\"es\" data-language-to-translate-into=\"ca\" data-phrase-index=\"0\" data-number-of-phrases=\"1\">2. Finalidad <\/span><\/span><\/h3>\n<p><span class=\"VIiyi\" lang=\"es\"><span class=\"JLqJ4b\" data-language-for-alternatives=\"es\" data-language-to-translate-into=\"ca\" data-phrase-index=\"0\" data-number-of-phrases=\"1\">Para el uso de determinados servicios, el usuario deber\u00e1 comunicar datos de car\u00e1cter personal. Los usuarios, mediante la marcaci\u00f3n de la casilla habilitada en los formularios de contacto habilitados en el sitio web aceptan expresamente y de forma libre e inequ\u00edvoca que sus datos personales sean tratados por parte de SILENE, donde informar\u00e1 al usuario conforme a analizar la informaci\u00f3n que se derive de esta gesti\u00f3n para mejorar nuestros servicios y adecuarlos a las preferencias de los usuarios con las siguientes finalidades: Facilitarle el acceso al Sitio Web y mejorar la experiencia de usuario Gestionar los servicios solicitados en el Sitio Web. Facilitar a los interesados \u200b\u200bofertas de productos y servicios de su inter\u00e9s. Elaborar un \u00abperfil comercial\u00bb, acorde con la informaci\u00f3n facilitada. No se tomar\u00e1n decisiones automatizadas en base a ese perfil.<\/span><\/span><\/p>\n<h3><span class=\"VIiyi\" lang=\"es\"><span class=\"JLqJ4b\" data-language-for-alternatives=\"es\" data-language-to-translate-into=\"ca\" data-phrase-index=\"0\" data-number-of-phrases=\"1\"> 3. Legitimaci\u00f3n <\/span><\/span><\/h3>\n<p><span class=\"VIiyi\" lang=\"es\"><span class=\"JLqJ4b\" data-language-for-alternatives=\"es\" data-language-to-translate-into=\"ca\" data-phrase-index=\"0\" data-number-of-phrases=\"1\">Al remitir al usuario sus datos de car\u00e1cter personal a SILENE, \u00e9ste consiente expresamente que SILENE realice las siguientes actividades y\/o acciones, salvo que se indique lo contrario al contratar o suscribir cualquier producto y\/o servicio de SILENE o como a resultado de una revocaci\u00f3n posterior del consentimiento inicialmente otorgado:: El env\u00edo de comunicaciones comerciales y\/o promocionales en papel, informando a los usuarios de las actividades, promociones, publicidad, noticias, ofertas y otra informaci\u00f3n sobre los servicios y productos relacionados con la actividad comercial. El env\u00edo de comunicaciones comerciales por v\u00eda electr\u00f3nica, informando a los usuarios de las actividades, promociones, publicidad, noticias, ofertas y dem\u00e1s informaci\u00f3n sobre los servicios y productos de SILENE iguales o similares a los que fueron inicialmente objeto de contrataci\u00f3n o de inter\u00e9s por el usuario. Tramitar encargos de peticiones o responder a las peticiones que sean realizadas por el usuario a trav\u00e9s de cualquiera de las formas de contacto que se ponen a disposici\u00f3n del usuario en el sitio web de SILENE. Realizar estudios estad\u00edsticos. O en caso de que se establezca en nuestro sitio web cursar su solicitud de registro de usuario\/o su pedido de productos ofrecidos por SILENE. Una vez confirmada y aceptada su solicitud, el usuario recibir\u00e1 un correo electr\u00f3nico de confirmaci\u00f3n en la direcci\u00f3n indicada en el momento de completar el formulario de registro. Sin perjuicio de todo lo anterior, no se considerar\u00e1 comunicaci\u00f3n comercial y\/o publicitaria toda aquella informaci\u00f3n enviada por SILENE -incluso por medios electr\u00f3nicos- a los usuarios de SILENE con el fin de llevar a cabo, ejecutar y\/o desarrollar cualquiera prestaci\u00f3n suscrita o contratada -aunque no fuera suscrita por medios electr\u00f3nicos- por el usuario y todas las dem\u00e1s tareas, acciones y\/o actividades derivadas de esta relaci\u00f3n contractual y\/o comercial. Mediante el env\u00edo de datos, usted presta su consentimiento para que SILENE trate sus datos personales conforme a los fines descritos. Usted garantiza que los datos facilitados son veraces, exactos y completos, responsabiliz\u00e1ndose de notificar cualquier cambio sobre los mismos.<\/span><\/span><\/p>\n<p><span class=\"VIiyi\" lang=\"es\"><span class=\"JLqJ4b\" data-language-for-alternatives=\"es\" data-language-to-translate-into=\"ca\" data-phrase-index=\"0\" data-number-of-phrases=\"1\"><strong> 4. Destinatarios<\/strong> <\/span><\/span><\/p>\n<p><span class=\"VIiyi\" lang=\"es\"><span class=\"JLqJ4b\" data-language-for-alternatives=\"es\" data-language-to-translate-into=\"ca\" data-phrase-index=\"0\" data-number-of-phrases=\"1\">Los datos se comunicar\u00e1n a otras empresas del grupo SILENE para fines administrativos internos, incluido el tratamiento de datos personales de clientes o empleados. Los archivos son almacenados en nuestros proveedores tecnol\u00f3gicos de almacenamiento web, email y marketing online, en acuerdo a la seguridad EU-US Privacy. Al aceptar esta pol\u00edtica de privacidad, nos autorizas expresamente a tratar y comunicar sus datos personales a las sociedades mencionadas y\/o transferir los datos personales a los referidos prestadores de servicios como encargados del Tratamiento para las finalidades descritas y darte un servicio completo. SILENE informa y garantiza expresamente a los usuarios que sus datos personales no ser\u00e1n cedidos en ning\u00fan caso a terceras compa\u00f1\u00edas, y que siempre que fuera a realizar alg\u00fan tipo de cesi\u00f3n de datos personales, de forma previa, se pedir\u00eda el consentimiento expreso, informado, y inequ\u00edvoco por parte de los titulares. <\/span><\/span><\/p>\n<p><strong><span class=\"VIiyi\" lang=\"es\"><span class=\"JLqJ4b\" data-language-for-alternatives=\"es\" data-language-to-translate-into=\"ca\" data-phrase-index=\"0\" data-number-of-phrases=\"1\">5. Derechos <\/span><\/span><\/strong><\/p>\n<p><span class=\"VIiyi\" lang=\"es\"><span class=\"JLqJ4b\" data-language-for-alternatives=\"es\" data-language-to-translate-into=\"ca\" data-phrase-index=\"0\" data-number-of-phrases=\"1\">De acuerdo con la legislaci\u00f3n de protecci\u00f3n de datos, usted cuenta con los derechos de informaci\u00f3n, acceso, rectificaci\u00f3n, cancelaci\u00f3n, oposici\u00f3n y portabilidad. Tiene derecho a obtener confirmaci\u00f3n sobre si en SILENE estamos tratando datos personales que les conciernan, o no. Las personas interesadas tienen derecho a acceder a sus datos personales, as\u00ed como a solicitar la rectifi<\/span><\/span>caci\u00f3n de los datos inexactos o, en su caso, solicitar su supresi\u00f3n cuando, entre otros motivos, los datos ya no sean necesarios para los fines que fueron recogidos.<\/p>\n<p>En determinadas circunstancias, los interesados \u200b\u200bpodr\u00e1n solicitar la limitaci\u00f3n del tratamiento de sus datos, en cuyo caso \u00fanicamente los conservaremos para el ejercicio o la defensa de reclamaciones.<\/p>\n<p>En determinadas circunstancias y por motivos relacionados con su situaci\u00f3n particular, los interesados \u200b\u200bpodr\u00e1n oponerse al tratamiento de sus datos SILENE dejar\u00e1 de tratar los datos, salvo por motivos leg\u00edtimos imperiosos, o el ejercicio o defensa de posibles reclamaciones.<\/p>\n<p>Usted podr\u00e1 ejercitar los derechos de acceso, rectificaci\u00f3n, cancelaci\u00f3n, oposici\u00f3n y portabilidad mediante el env\u00edo de un correo electr\u00f3nico a la direcci\u00f3n email info@silene.ong o por correo postal a la direcci\u00f3n SILENE C\/ Alfons V\u00e8, 7, 1r, 1a 17800 Olot (Girona) Espa\u00f1a, indicando su nombre y apellidos, petici\u00f3n en la que se concreta su solicitud, direcci\u00f3n a efectos de notificaciones, y deber\u00e1 adjuntar copia de su DNI u otro documento v\u00e1lido que lo identifique .<\/p>\n<p>Asimismo, SILENE se compromete a garantizar la confidencialidad de sus datos personales y utilizar de acuerdo con las finalidades anteriormente indicadas.<\/p>\n<p>Igualmente, debe adoptar todas las medidas necesarias para evitar su alteraci\u00f3n, p\u00e9rdida, tratamiento o acceso no autorizado, de acuerdo con lo que establece la normativa sobre protecci\u00f3n de datos de car\u00e1cter personal.<\/p>\n<h3>6. Plazo de conservaci\u00f3n de los datos<\/h3>\n<p>Mantendremos tus datos personales durante la vigencia de la relaci\u00f3n contractual con nosotros y, una vez terminada, durante los plazos de prescripci\u00f3n de las obligaciones que hayan podido nacer del tratamiento de los datos y\/o los plazos que legalmente se establezcan.<\/p>\n<!--themify_builder_content-->\n<div id=\"themify_builder_content-69277\" data-postid=\"69277\" class=\"themify_builder_content themify_builder_content-69277 themify_builder tf_clear\">\n    <\/div>\n<!--\/themify_builder_content-->\n","protected":false},"excerpt":{"rendered":"<p>Pol\u00edtica de privacidad de datos 1. Responsable Los datos de car\u00e1cter personal que nos facilite a trav\u00e9s del&#8230;<\/p>\n","protected":false},"author":21,"featured_media":73460,"parent":0,"menu_order":0,"comment_status":"closed","ping_status":"closed","template":"","meta":{"_acf_changed":false,"footnotes":""},"class_list":["post-69277","page","type-page","status-publish","has-post-thumbnail","hentry","has-post-title","has-post-date","has-post-category","has-post-tag","has-post-comment","has-post-author",""],"acf":[],"_links":{"self":[{"href":"https:\/\/www.silene.ong\/es\/wp-json\/wp\/v2\/pages\/69277","targetHints":{"allow":["GET"]}}],"collection":[{"href":"https:\/\/www.silene.ong\/es\/wp-json\/wp\/v2\/pages"}],"about":[{"href":"https:\/\/www.silene.ong\/es\/wp-json\/wp\/v2\/types\/page"}],"author":[{"embeddable":true,"href":"https:\/\/www.silene.ong\/es\/wp-json\/wp\/v2\/users\/21"}],"replies":[{"embeddable":true,"href":"https:\/\/www.silene.ong\/es\/wp-json\/wp\/v2\/comments?post=69277"}],"version-history":[{"count":2,"href":"https:\/\/www.silene.ong\/es\/wp-json\/wp\/v2\/pages\/69277\/revisions"}],"predecessor-version":[{"id":111008,"href":"https:\/\/www.silene.ong\/es\/wp-json\/wp\/v2\/pages\/69277\/revisions\/111008"}],"wp:featuredmedia":[{"embeddable":true,"href":"https:\/\/www.silene.ong\/es\/wp-json\/"}],"wp:attachment":[{"href":"https:\/\/www.silene.ong\/es\/wp-json\/wp\/v2\/media?parent=69277"}],"curies":[{"name":"wp","href":"https:\/\/api.w.org\/{rel}","templated":true}]}}