{"id":69570,"date":"2018-12-03T18:41:04","date_gmt":"2018-12-03T16:41:04","guid":{"rendered":"http:\/\/silene.idilicstudio.com\/?page_id=69570"},"modified":"2022-01-13T13:11:25","modified_gmt":"2022-01-13T12:11:25","slug":"servicios","status":"publish","type":"page","link":"https:\/\/www.silene.ong\/es\/servicios","title":{"rendered":"Servicios"},"content":{"rendered":"<h1>Servicios<\/h1>\n<p><strong>Silene<\/strong> ofrece servicios y recursos para facilitar la integracio\u0301n del patrimonio cultural intangible y los valores espirituales de la Naturaleza en\u00a0 \u00e1mbitos como la educacio\u0301n, la divulgacio\u0301n, el uso pu\u0301blico, la planificacio\u0301n o la gestio\u0301n, desde la perspectiva de conservacio\u0301n o custodia responsable, generalmente en colaboraci\u00f3n con otros actores. Los principales servicios ofrecidos son:<\/p>\n<h2>Consultor\u00eda<\/h2>\n<ul>\n<li><strong>Estudios y proyectos<\/strong> para crear la base de conocimiento necesario para facilitar la conservacio\u0301n y promocio\u0301n de los valors culturales y espirituales de la naturaleza, normalmente centrados en espacios, h\u00e1bitats o lugares particulares.<\/li>\n<li><strong>Acompa\u00f1amiento a organizaciones<\/strong><span class=\"tlid-translation translation\" lang=\"es\"><strong><span title=\"\">y procesos<\/span> <span title=\"\">de toma<\/span> <span title=\"\">de decisi\u00f3n<\/span><\/strong> <span title=\"\">a<\/span><\/span><span class=\"tlid-translation translation\" lang=\"es\"><span title=\"\"> trav\u00e9s de un <\/span><\/span><span class=\"tlid-translation translation\" lang=\"es\"><span title=\"\">asesoramiento<\/span> <span title=\"\">continuo y<\/span> <span title=\"\">adaptado a las<\/span> <span title=\"\">necesidades<\/span> <span title=\"\">espec\u00edficas<\/span> <span title=\"\">de cada caso<\/span><span title=\"\">, basado en<\/span> <span title=\"\">principios<\/span> <span title=\"\">ecol\u00f3gicos<\/span> <span title=\"\">y<\/span> <span title=\"\">de inspiraci\u00f3n<\/span> <span title=\"\">espiritual<\/span> <span title=\"\">que permite<\/span> <span title=\"\">consensuar<\/span> <span title=\"\">objetivos<\/span> <span title=\"\">e impulsar<\/span> <span title=\"\">procesos de cambio<\/span> <span title=\"\">transformadores<\/span> <span title=\"\">que<\/span> <span class=\"\" title=\"\">aporten<\/span> <span class=\"\" title=\"\">credibilidad.<\/span><\/span><\/li>\n<li><strong>Formulacio\u0301n e impulso de acciones para conservar, difundir o experimentar los valores culturales inmateriales y espirituales de la Naturaleza<\/strong>, sea en el \u00e1mbito educativo, asistencial o empresarial: actividades contemplativas en espacios naturales, promocio\u0301n del bienestar integral, sensibilizacio\u0301n ambiental, etc.<\/li>\n<\/ul>\n<h2>Investigaci\u00f3n, formaci\u00f3n y divulgaci\u00f3n<\/h2>\n<ul>\n<li><strong>Investigaci\u00f3n<\/strong>: con el fin de promover el di\u00e1logo intercultural e interreligioso de los valores que configuran la relaci\u00f3n que los seres humanos tenemos con la Tierra, como hace la geo\u00e9tica.<\/li>\n<li><strong>Actividades formativas y divulgativas<\/strong>: cursos, talleres, conferencias y charlas para transmitir la importancia de los valores culturales y espirituales de la Naturaleza en \u00e1mbitos sociales, p\u00fablicos o privados, facilitando herramientas para integrarlos y aplicarlos de forma coherente.<\/li>\n<li><strong>Publicaciones<\/strong> propias (bolet\u00edn, cuadernos, art\u00edculos) o realizadas en colaboraci\u00f3n con otras entidades.<\/li>\n<\/ul>\n<h2>Recursos<\/h2>\n<ul>\n<li><a href=\"https:\/\/www.silene.ong\/es\/centro-de-documentacion\"><strong>Centro de documentacio\u0301n<\/strong><\/a> (alojado en este portal) que contiene recursos y documentos sobre el patrimonio espiritual y cultural inmaterial vinculado al patrimonio natural, desde el nivel local al internacional. Es el centro de documentacio\u0301n de referencia del <a href=\"https:\/\/csvpa.org\/\">Grupo Especialista en Valores Culturales y Espirituales de la Comisio\u0301n Mundial de \u00c1reas Protegidas<\/a>, de la Unio\u0301n Internacional para la Conservacio\u0301n de la Naturaleza (UICN).<\/li>\n<li><a href=\"https:\/\/www.silene.ong\/es\/noticias\"><strong>Noticias<\/strong><\/a> (alojadas en este portal) vinculadas con la misio\u0301n de la asociacio\u0301n, de \u00e1mbito local, nacional e internacional.<\/li>\n<li><a href=\"https:\/\/www.silene.ong\/es\/centro-de-documentacion\/publicaciones\" target=\"_blank\" rel=\"noopener\"><strong>Publicaciones.<\/strong><\/a><\/li>\n<\/ul>\n<!--themify_builder_content-->\n<div id=\"themify_builder_content-69570\" data-postid=\"69570\" class=\"themify_builder_content themify_builder_content-69570 themify_builder tf_clear\">\n    <\/div>\n<!--\/themify_builder_content-->\n","protected":false},"excerpt":{"rendered":"<p>Servicios Silene ofrece servicios y recursos para facilitar la integracio\u0301n del patrimonio cultural intangible y los valores espirituales&#8230;<\/p>\n","protected":false},"author":13,"featured_media":68776,"parent":0,"menu_order":0,"comment_status":"closed","ping_status":"closed","template":"","meta":{"_acf_changed":false,"footnotes":""},"class_list":["post-69570","page","type-page","status-publish","has-post-thumbnail","hentry","has-post-title","has-post-date","has-post-category","has-post-tag","has-post-comment","has-post-author",""],"acf":[],"_links":{"self":[{"href":"https:\/\/www.silene.ong\/es\/wp-json\/wp\/v2\/pages\/69570","targetHints":{"allow":["GET"]}}],"collection":[{"href":"https:\/\/www.silene.ong\/es\/wp-json\/wp\/v2\/pages"}],"about":[{"href":"https:\/\/www.silene.ong\/es\/wp-json\/wp\/v2\/types\/page"}],"author":[{"embeddable":true,"href":"https:\/\/www.silene.ong\/es\/wp-json\/wp\/v2\/users\/13"}],"replies":[{"embeddable":true,"href":"https:\/\/www.silene.ong\/es\/wp-json\/wp\/v2\/comments?post=69570"}],"version-history":[{"count":16,"href":"https:\/\/www.silene.ong\/es\/wp-json\/wp\/v2\/pages\/69570\/revisions"}],"predecessor-version":[{"id":75240,"href":"https:\/\/www.silene.ong\/es\/wp-json\/wp\/v2\/pages\/69570\/revisions\/75240"}],"wp:featuredmedia":[{"embeddable":true,"href":"https:\/\/www.silene.ong\/es\/wp-json\/wp\/v2\/media\/68776"}],"wp:attachment":[{"href":"https:\/\/www.silene.ong\/es\/wp-json\/wp\/v2\/media?parent=69570"}],"curies":[{"name":"wp","href":"https:\/\/api.w.org\/{rel}","templated":true}]}}