{"id":75256,"date":"2019-02-08T13:06:35","date_gmt":"2019-02-08T11:06:35","guid":{"rendered":"https:\/\/www.silene.ong\/contacte"},"modified":"2022-12-24T11:25:14","modified_gmt":"2022-12-24T10:25:14","slug":"contactar","status":"publish","type":"page","link":"https:\/\/www.silene.ong\/es\/contactar","title":{"rendered":"Contactar"},"content":{"rendered":"<p>Si se quiere poner en contacto con Silene le invitamos a hacerlo por <ins>esta<\/ins> <ins>v\u00eda.<br \/>\n<\/ins><\/p>\n<p>Si quiere subscribirse a nuestro bolet\u00edn (disponible s\u00f3lo en catal\u00e1n) puede rellenar el siguiente <a href=\"https:\/\/mailchi.mp\/b88e97dbe2ef\/subscripcio_butlleti_silene\" target=\"_blank\" rel=\"noopener\">formulario<\/a>.<\/p>\n<p>Le agradecemos su inter\u00e9s y le responderemos en cuanto nos sea posible.<\/p>\n\n<div class=\"wpcf7 no-js\" id=\"wpcf7-f75241-o1\" lang=\"ca\" dir=\"ltr\" data-wpcf7-id=\"75241\">\n<div class=\"screen-reader-response\"><p role=\"status\" aria-live=\"polite\" aria-atomic=\"true\"><\/p> <ul><\/ul><\/div>\n<form action=\"\/es\/wp-json\/wp\/v2\/pages\/75256#wpcf7-f75241-o1\" method=\"post\" class=\"wpcf7-form init\" aria-label=\"Formulari de contacte\" enctype=\"multipart\/form-data\" novalidate=\"novalidate\" data-status=\"init\">\n<fieldset class=\"hidden-fields-container\"><input type=\"hidden\" name=\"_wpcf7\" value=\"75241\" \/><input type=\"hidden\" name=\"_wpcf7_version\" value=\"6.1.2\" \/><input type=\"hidden\" name=\"_wpcf7_locale\" value=\"ca\" \/><input type=\"hidden\" name=\"_wpcf7_unit_tag\" value=\"wpcf7-f75241-o1\" \/><input type=\"hidden\" name=\"_wpcf7_container_post\" value=\"0\" \/><input type=\"hidden\" name=\"_wpcf7_posted_data_hash\" value=\"\" \/>\n<\/fieldset>\n<div class=\"row\">\n\t<div class=\"col-lg-4 col-md-4 col-sm-12 col-xs-12\">\n\t\t<p><span class=\"wpcf7-form-control-wrap\" data-name=\"Nom\"><input size=\"40\" maxlength=\"400\" class=\"wpcf7-form-control wpcf7-text wpcf7-validates-as-required\" aria-required=\"true\" aria-invalid=\"false\" placeholder=\"Nombre\" value=\"\" type=\"text\" name=\"Nom\" \/><\/span>\n\t\t<\/p>\n\t<\/div>\n\t<div class=\"col-lg-4 col-md-4 col-sm-12 col-xs-12\">\n\t\t<p><span class=\"wpcf7-form-control-wrap\" data-name=\"Telefon\"><input size=\"40\" maxlength=\"400\" class=\"wpcf7-form-control wpcf7-tel wpcf7-text wpcf7-validates-as-tel\" aria-invalid=\"false\" placeholder=\"Tel\u00e9fono\" value=\"\" type=\"tel\" name=\"Telefon\" \/><\/span>\n\t\t<\/p>\n\t<\/div>\n\t<div class=\"col-lg-4 col-md-4 col-sm-12 col-xs-12\">\n\t\t<p><span class=\"wpcf7-form-control-wrap\" data-name=\"Email\"><input size=\"40\" maxlength=\"400\" class=\"wpcf7-form-control wpcf7-email wpcf7-validates-as-required wpcf7-text wpcf7-validates-as-email\" aria-required=\"true\" aria-invalid=\"false\" placeholder=\"Email\" value=\"\" type=\"email\" name=\"Email\" \/><\/span>\n\t\t<\/p>\n\t<\/div>\n\t<div class=\"col-lg-12 col-md-12 col-sm-12 col-xs-12\">\n\t\t<p><span class=\"wpcf7-form-control-wrap\" data-name=\"Direccio\"><label><span class=\"wpcf7-quiz-label\"><\/span> <input size=\"40\" class=\"wpcf7-form-control wpcf7-quiz\" autocomplete=\"off\" aria-required=\"true\" aria-invalid=\"false\" type=\"text\" name=\"Direccio\" \/><\/label><input type=\"hidden\" name=\"_wpcf7_quiz_answer_Direccio\" value=\"9579ac7ce4bcf5e621553b11a52fa657\" \/><\/span><br \/>\n<span class=\"wpcf7-form-control-wrap\" data-name=\"Missatge\"><textarea cols=\"40\" rows=\"10\" maxlength=\"2000\" class=\"wpcf7-form-control wpcf7-textarea wpcf7-validates-as-required\" aria-required=\"true\" aria-invalid=\"false\" placeholder=\"Tu mensaje...\" name=\"Missatge\"><\/textarea><\/span>\n\t\t<\/p>\n\t<\/div>\n\t<div class=\"col-lg-6 col-md-6 col-sm-12 col-xs-12 adjunts\">\n\t\t<p><label class=\"bold\">Adjunta un archivo<\/label><br \/>\n<span class=\"wpcf7-form-control-wrap\" data-name=\"Adjunt\"><input size=\"40\" class=\"wpcf7-form-control wpcf7-file\" accept=\".pdf,.doc,.docx,.zip,.rar,.jpg,.jpeg,.png,.bmp\" aria-invalid=\"false\" type=\"file\" name=\"Adjunt\" \/><\/span><br \/>\n<small><i class=\"fas fa-info-circle\"><\/i> Archivos PDF, Doc, Zip, Rar, Jpg, png i bmp, m\u00e1ximo 5 megas<\/small>\n\t\t<\/p>\n\t<\/div>\n\t<div class=\"col-lg-6 col-md-6 col-sm-12 col-xs-12 envio\">\n\t\t<p><span class=\"wpcf7-form-control-wrap\" data-name=\"Accepto\"><span class=\"wpcf7-form-control wpcf7-acceptance\"><span class=\"wpcf7-list-item\"><label><input type=\"checkbox\" name=\"Accepto\" value=\"1\" aria-invalid=\"false\" \/><span class=\"wpcf7-list-item-label\">Acepto <a target=\"_blank\" href=\"https:\/\/www.silene.ong\/es\/privacidad-de-datos\">pol\u00edtica de protecci\u00f3n de datos<\/a>.<\/span><\/label><\/span><\/span><\/span><br \/>\n<span class=\"wpcf7-form-control-wrap\" data-name=\"Newsletter\"><span class=\"wpcf7-form-control wpcf7-checkbox\"><span class=\"wpcf7-list-item first last\"><label><input type=\"checkbox\" name=\"Newsletter[]\" value=\"Quiero recibir por email informaci\u00f3n sobre Silene\" \/><span class=\"wpcf7-list-item-label\">Quiero recibir por email informaci\u00f3n sobre Silene<\/span><\/label><\/span><\/span><\/span><br \/>\n<input class=\"wpcf7-form-control wpcf7-submit has-spinner\" type=\"submit\" value=\"Enviar\" \/>\n\t\t<\/p>\n\t<\/div>\n\t<div class=\"col-lg-12 col-md-12 col-sm-12 col-xs-12\">\n\t\t<div class=\"rgpd\">\n\t\t\t<h4>Sobre el tratamiento de sus datos personales\n\t\t\t<\/h4>\n\t\t\t<p><b>Responsable \u00bb<\/b> Silene es el responsable del fichero de datos personales de los usuarios.\n\t\t\t<\/p>\n\t\t\t<p><b>Finalidad \u00bb<\/b> Env\u00edo de informaci\u00f3n y prospecci\u00f3n comercial referente a nuestra asocaci\u00f3n cultural as\u00ed como realizar estudios estad\u00edsticos.\n\t\t\t<\/p>\n\t\t\t<p><b>Legitimaci\u00f3n \u00bb<\/b> Al aceptar el env\u00edo de este formulario electr\u00f3nico da su consentimiento a dicho env\u00edo de emails informativos.\n\t\t\t<\/p>\n\t\t\t<p><b>Destinatarios \u00bb<\/b> Proveedores tecnol\u00f3gicos Altaveu: OVH como proveedor de hosting, Idilicstudio como proveedor de mantenimiento Web. Acogidos de acuerdo a la seguridad EU-US Privacy. Estos datos personales no ser\u00e1n cedidos en ning\u00fan caso a terceras compa\u00f1\u00edas.\n\t\t\t<\/p>\n\t\t\t<p><b>Derechos \u00bb<\/b> Usted tiene derecho a acceder, rectificar y suprimir sus datos personales.\n\t\t\t<\/p>\n\t\t\t<p><b>M\u00e1s informaci\u00f3n \u00bb<\/b> Puede consultar la informaci\u00f3n detallada en nuestra p\u00e1gina web en <a href=\"https:\/\/www.silene.ong\/es\/privacidad-de-datos\">https:\/\/www.silene.ong\/es\/privacidad-de-datos<\/a>\n\t\t\t<\/p>\n\t\t<\/div>\n\t<\/div>\n<\/div><p style=\"display: none !important;\" class=\"akismet-fields-container\" data-prefix=\"_wpcf7_ak_\"><label>&#916;<textarea name=\"_wpcf7_ak_hp_textarea\" cols=\"45\" rows=\"8\" maxlength=\"100\"><\/textarea><\/label><input type=\"hidden\" id=\"ak_js_1\" name=\"_wpcf7_ak_js\" value=\"137\"\/><script>document.getElementById( \"ak_js_1\" ).setAttribute( \"value\", ( new Date() ).getTime() );<\/script><\/p><div class=\"wpcf7-response-output\" aria-hidden=\"true\"><\/div>\n<\/form>\n<\/div>\n\n<!--themify_builder_content-->\n<div id=\"themify_builder_content-75256\" data-postid=\"75256\" class=\"themify_builder_content themify_builder_content-75256 themify_builder tf_clear\">\n    <\/div>\n<!--\/themify_builder_content-->\n","protected":false},"excerpt":{"rendered":"<p>Si se quiere poner en contacto con Silene le invitamos a hacerlo por esta v\u00eda. Si quiere subscribirse&#8230;<\/p>\n","protected":false},"author":21,"featured_media":73460,"parent":0,"menu_order":0,"comment_status":"closed","ping_status":"closed","template":"","meta":{"_acf_changed":false,"footnotes":""},"class_list":["post-75256","page","type-page","status-publish","has-post-thumbnail","hentry","has-post-title","has-post-date","has-post-category","has-post-tag","has-post-comment","has-post-author",""],"acf":[],"_links":{"self":[{"href":"https:\/\/www.silene.ong\/es\/wp-json\/wp\/v2\/pages\/75256","targetHints":{"allow":["GET"]}}],"collection":[{"href":"https:\/\/www.silene.ong\/es\/wp-json\/wp\/v2\/pages"}],"about":[{"href":"https:\/\/www.silene.ong\/es\/wp-json\/wp\/v2\/types\/page"}],"author":[{"embeddable":true,"href":"https:\/\/www.silene.ong\/es\/wp-json\/wp\/v2\/users\/21"}],"replies":[{"embeddable":true,"href":"https:\/\/www.silene.ong\/es\/wp-json\/wp\/v2\/comments?post=75256"}],"version-history":[{"count":12,"href":"https:\/\/www.silene.ong\/es\/wp-json\/wp\/v2\/pages\/75256\/revisions"}],"predecessor-version":[{"id":115818,"href":"https:\/\/www.silene.ong\/es\/wp-json\/wp\/v2\/pages\/75256\/revisions\/115818"}],"wp:featuredmedia":[{"embeddable":true,"href":"https:\/\/www.silene.ong\/es\/wp-json\/"}],"wp:attachment":[{"href":"https:\/\/www.silene.ong\/es\/wp-json\/wp\/v2\/media?parent=75256"}],"curies":[{"name":"wp","href":"https:\/\/api.w.org\/{rel}","templated":true}]}}