{"id":85019,"date":"2019-07-28T11:29:07","date_gmt":"2019-07-28T10:29:07","guid":{"rendered":"https:\/\/www.silene.ong\/donativos"},"modified":"2023-12-21T15:36:12","modified_gmt":"2023-12-21T14:36:12","slug":"donar","status":"publish","type":"page","link":"https:\/\/www.silene.ong\/es\/donar","title":{"rendered":"Donar"},"content":{"rendered":"<div class=\"oSioSc\">\n<div id=\"tw-target\">\n<div id=\"kAz1tf\" class=\"g9WsWb\">\n<div id=\"tw-target-text-container\" class=\"tw-ta-container tw-nfl\">\n<h2 id=\"tw-target-text\" class=\"tw-data-text tw-ta tw-text-small\" dir=\"ltr\" data-placeholder=\"Traducci\u00f3n\"><span lang=\"es\" tabindex=\"0\">\u00bfNos puede ayudar? <\/span><\/h2>\n<p class=\"tw-data-text tw-ta tw-text-small\" dir=\"ltr\" data-placeholder=\"Traducci\u00f3n\"><span lang=\"es\" tabindex=\"0\">La conservaci\u00f3n de los valores y significados espirituales y culturales de la Naturaleza -herencia de las cosmolog\u00edas y cosmovisiones que forman el patrimonio inmaterial de la humanidad- se ve hoy m\u00e1s amanezada que nunca por la difusi\u00f3n del paradigma tecnocr\u00e1tico. <\/span><\/p>\n<p class=\"tw-data-text tw-ta tw-text-small\" dir=\"ltr\" data-placeholder=\"Traducci\u00f3n\"><span lang=\"es\" tabindex=\"0\">Desde Silene creemos que conservar vivo este precioso patrimonio inmaterial es indispensable para poder fundamentar la compresi\u00f3n y la conservaci\u00f3n de la naturaleza en los valores m\u00e1s profundos que dan sentido a nuestras vidas. <\/span><\/p>\n<p class=\"tw-data-text tw-ta tw-text-small\" dir=\"ltr\" data-placeholder=\"Traducci\u00f3n\"><span lang=\"es\" tabindex=\"0\">Silene es una asociaci\u00f3n sin \u00e1nimo de lucro que se sostiene por la ayuda voluntaria de varios profesionales que creen en su misi\u00f3n. Haciendo un donativo contribuir\u00e1 al mantenimiento de nuestro centro de documentaci\u00f3n y a sostener las tareas principales de la asociaci\u00f3n, centradas en la conservaci\u00f3n, estudio y difusi\u00f3n de los valores y significados del patrimonio espiritual y cultural inmaterial de la Naturaleza. <\/span><\/p>\n<h2 class=\"tw-data-text tw-ta tw-text-small\" dir=\"ltr\" data-placeholder=\"Traducci\u00f3n\"><span lang=\"es\" tabindex=\"0\">Benef\u00edciese de las ventajas fiscales <\/span><\/h2>\n<p class=\"tw-data-text tw-ta tw-text-small\" dir=\"ltr\" data-placeholder=\"Traducci\u00f3n\"><span lang=\"es\" tabindex=\"0\">Todas las aportaciones que nos haga desde Espa\u00f1a desgravan un 80% hasta los primeros 150 \u20ac. A partir de esta cifra, desgravan el 35%. Si en los \u00faltimos tres a\u00f1os ha mantenido o aumentado las aportaciones a nuestra organizaci\u00f3n, la desgravaci\u00f3n sube hasta un 40% para premiar su fidelidad.<br \/>\n<\/span><\/p>\n<form action=\"https:\/\/www.paypal.com\/cgi-bin\/webscr\" method=\"post\" target=\"_top\"><input name=\"cmd\" type=\"hidden\" value=\"_s-xclick\" \/><br \/>\n<input name=\"hosted_button_id\" type=\"hidden\" value=\"449E9DZQ7SDBC\" \/><br \/>\n<input title=\"PayPal - The safer, easier way to pay online!\" alt=\"Donate with PayPal button\" name=\"submit\" src=\"https:\/\/www.paypalobjects.com\/es_ES\/ES\/i\/btn\/btn_donate_LG.gif\" type=\"image\" \/><br \/>\n<img loading=\"lazy\" decoding=\"async\" src=\"https:\/\/www.paypal.com\/es_ES\/i\/scr\/pixel.gif\" alt=\"\" width=\"1\" height=\"1\" border=\"0\" \/><\/form>\n<\/div>\n<div id=\"z6maec\" class=\"tw-ta-container tw-nfl\">\n<pre id=\"tw-target-rmn\" class=\"tw-data-placeholder tw-ta tw-text-small\" dir=\"ltr\" data-placeholder=\"\"><\/pre>\n<\/div>\n<\/div>\n<\/div>\n<\/div>\n","protected":false},"excerpt":{"rendered":"<p>\u00bfNos puede ayudar? La conservaci\u00f3n de los valores y significados espirituales y culturales de la Naturaleza -herencia de&#8230;<\/p>\n","protected":false},"author":13,"featured_media":73460,"parent":0,"menu_order":0,"comment_status":"closed","ping_status":"closed","template":"","meta":{"_acf_changed":false,"footnotes":""},"class_list":["post-85019","page","type-page","status-publish","has-post-thumbnail","hentry","has-post-title","has-post-date","has-post-category","has-post-tag","has-post-comment","has-post-author",""],"acf":[],"_links":{"self":[{"href":"https:\/\/www.silene.ong\/es\/wp-json\/wp\/v2\/pages\/85019","targetHints":{"allow":["GET"]}}],"collection":[{"href":"https:\/\/www.silene.ong\/es\/wp-json\/wp\/v2\/pages"}],"about":[{"href":"https:\/\/www.silene.ong\/es\/wp-json\/wp\/v2\/types\/page"}],"author":[{"embeddable":true,"href":"https:\/\/www.silene.ong\/es\/wp-json\/wp\/v2\/users\/13"}],"replies":[{"embeddable":true,"href":"https:\/\/www.silene.ong\/es\/wp-json\/wp\/v2\/comments?post=85019"}],"version-history":[{"count":20,"href":"https:\/\/www.silene.ong\/es\/wp-json\/wp\/v2\/pages\/85019\/revisions"}],"predecessor-version":[{"id":124053,"href":"https:\/\/www.silene.ong\/es\/wp-json\/wp\/v2\/pages\/85019\/revisions\/124053"}],"wp:featuredmedia":[{"embeddable":true,"href":"https:\/\/www.silene.ong\/es\/wp-json\/"}],"wp:attachment":[{"href":"https:\/\/www.silene.ong\/es\/wp-json\/wp\/v2\/media?parent=85019"}],"curies":[{"name":"wp","href":"https:\/\/api.w.org\/{rel}","templated":true}]}}