{"id":69294,"date":"2018-11-30T12:10:27","date_gmt":"2018-11-30T10:10:27","guid":{"rendered":"http:\/\/silene.idilicstudio.com\/?page_id=69294"},"modified":"2021-02-20T00:35:27","modified_gmt":"2021-02-19T23:35:27","slug":"avis-juridique","status":"publish","type":"page","link":"https:\/\/www.silene.ong\/fr\/avis-juridique","title":{"rendered":"Avis juridique"},"content":{"rendered":"<h1>Mentions l\u00e9gales page web<\/h1>\n<h2>1. Informations sur l&rsquo;entreprise<\/h2>\n<p>En vertu des obligations \u00e9tablies par la loi 34\/2002 des Services de la soci\u00e9t\u00e9 de l&rsquo;information et du commerce \u00e9lectronique, nous vous informons que ce site est la propri\u00e9t\u00e9 de l&rsquo;association culturelle Silene, ci-apr\u00e8s d\u00e9nomm\u00e9e SILENE, qui poss\u00e8de son quartier g\u00e9n\u00e9ral au Carrer d&rsquo;Alfons V\u00e8, 7, 1r, 1a, 17800 Olot, Catalogne (Espagne); avec C.I.F. G17907486 et adresse \u00e9lectronique email@silene.org<\/p>\n<p>Cette association est inscrite au registre des associations de la Generalitat de Catalunya sous le num\u00e9ro 32684.<\/p>\n<h2>2. Protection du contenu<\/h2>\n<p>L&rsquo;utilisateur reconna\u00eet et accepte que tous les droits de propri\u00e9t\u00e9 intellectuelle et industrielle sur le contenu et \/ ou tout autre \u00e9l\u00e9ment ins\u00e9r\u00e9 par SILENE sur cette page Web (y compris, \u00e0 titre purement indicatif, non limitatif, tous les \u00e9l\u00e9ments qui constituent le apparence visuelle, image graphique et autres stimuli sensoriels du site ou \u00ab\u00a0apparence\u00a0\u00bb: marques, logos, noms commerciaux, textes, images, graphiques, dessins, sons, bases de donn\u00e9es, logiciels, organigrammes, pr\u00e9sentation, architecture de navigation, ainsi que les codes sources des pages Web) appartiennent \u00e0 SILENE et \/ ou \u00e0 des tiers dont les droits lui ont \u00e9t\u00e9 c\u00e9d\u00e9s.<\/p>\n<p>En aucun cas, l&rsquo;acc\u00e8s au site Web n&rsquo;implique l&rsquo;autorisation, la d\u00e9mission, la transmission, la licence ou le transfert total ou partiel de ces droits de la part de ses propri\u00e9taires, sauf indication contraire. Les pr\u00e9sentes conditions d&rsquo;utilisation du site Web ne conf\u00e8rent aux utilisateurs aucun autre droit d&rsquo;utilisation, de modification, d&rsquo;exploitation, de reproduction, de distribution ou de communication publique du site Web et \/ ou de leur contenu autres que ceux express\u00e9ment pr\u00e9vus dans les pr\u00e9sentes.<br \/>\nL&rsquo;utilisation de ces \u00e9l\u00e9ments, sa reproduction totale ou partielle, sa communication et \/ ou sa distribution \u00e0 des fins commerciales ou lucratives, ainsi que sa modification, sa modification, sa d\u00e9compilation et \/ ou tout autre acte d&rsquo;exploitation du Site sont totalement interdites.<\/p>\n<p>Ind\u00e9pendamment de tout ce qui pr\u00e9c\u00e8de, si l&rsquo;utilisateur ou un tiers estime que tout contenu du site Web peut constituer une violation des droits de propri\u00e9t\u00e9 intellectuelle et industrielle, veuillez nous en informer au plus vite.<\/p>\n<h2>3. Acc\u00e8s et utilisation du site Web<\/h2>\n<p>L\u2019acc\u00e8s au site Web et l\u2019utilisation non autoris\u00e9e des informations contenues sur la page rel\u00e8vent de la responsabilit\u00e9 exclusive de la personne qui les exploite.<\/p>\n<p>L&rsquo;utilisateur s&rsquo;engage \u00e0 utiliser le contenu, les informations et les donn\u00e9es du site Web conform\u00e9ment aux conditions, modalit\u00e9s et politiques en vigueur, aux r\u00e8gles d&rsquo;application, ainsi qu&rsquo;aux bonnes pratiques et \u00e0 l&rsquo;ordre public g\u00e9n\u00e9ralement accept\u00e9s.<\/p>\n<p>L&rsquo;utilisateur s&rsquo;abstiendra d&rsquo;utiliser le contenu du site Web \u00e0 des fins ou effets ill\u00e9gaux, interdits ou contraires \u00e0 ceux \u00e9tablis aux pr\u00e9sentes, pr\u00e9judiciables aux droits et int\u00e9r\u00eats de SILENE pour le reste des utilisateurs, des tiers ou de quelque mani\u00e8re que ce soit. Ils peuvent endommager, rendre inutilisable, surcharger ou d\u00e9t\u00e9riorer ce site Web ou entraver une utilisation ou un usage normal des utilisateurs.<\/p>\n<p>SILENE ne r\u00e9pondra \u00e0 aucune cons\u00e9quence, dommage ou pr\u00e9judice pouvant d\u00e9couler de cet acc\u00e8s ou de cette utilisation, ni \u00e0 la violation de ces conditions, modalit\u00e9s et politiques, et ne pourra \u00eatre tenu responsable des erreurs de s\u00e9curit\u00e9 qui pourraient survenir ou des dommages pouvant survenir. peut \u00eatre caus\u00e9 au syst\u00e8me informatique de l&rsquo;utilisateur (mat\u00e9riel et logiciel) ou aux fichiers ou documents qui y sont stock\u00e9s en raison de:<br \/>\nLa pr\u00e9sence d&rsquo;un virus sur l&rsquo;ordinateur de l&rsquo;utilisateur utilis\u00e9 pour se connecter aux services et \/ ou produits propos\u00e9s par SILENE via son site Web; un dysfonctionnement du navigateur; l&rsquo;utilisation de versions non mises \u00e0 niveau du syst\u00e8me.<\/p>\n<h2>4. Liens vers des tiers<\/h2>\n<p>Dans ce site Web, des liens vers d&rsquo;autres pages Web peuvent \u00eatre utilis\u00e9s. SILENE n&rsquo;est pas responsable du contenu ou des mesures de s\u00e9curit\u00e9 adopt\u00e9s par toute autre page Web accessible \u00e0 partir de ce site Web, pages auxquelles la partie int\u00e9ress\u00e9e acc\u00e8de sous sa seule responsabilit\u00e9.<br \/>\nDe m\u00eame, l\u2019absence de virus ou d\u2019autres \u00e9l\u00e9ments dans le contenu li\u00e9 au site Web de SILENE ne peut pas \u00eatre garantie, ce qui peut entra\u00eener des modifications du syst\u00e8me informatique (mat\u00e9riel et logiciels) et \/ ou des documents ou fichiers du logiciel. utilisateur, exon\u00e8re \u00e9galement SILENE de toute responsabilit\u00e9 r\u00e9sultant de tout type de dommages caus\u00e9s par tout ce qui a \u00e9t\u00e9 d\u00e9crit ci-dessus.<\/p>\n<h2>5. R\u00e9seaux sociaux<\/h2>\n<p>Nous vous informons que SILENE peut \u00eatre pr\u00e9sent dans les r\u00e9seaux sociaux. Le traitement des donn\u00e9es effectu\u00e9es par des personnes qui suivent les r\u00e9seaux sociaux (et \/ ou effectuent des actions de lien ou de connexion via des r\u00e9seaux sociaux) des pages officielles de SILENE sera r\u00e9gi par cette section , ainsi que les conditions d\u2019utilisation, les politiques de confidentialit\u00e9 et les r\u00e8gles d\u2019acc\u00e8s appartenant au r\u00e9seau social qui se d\u00e9roulent dans chaque cas et qui ont \u00e9t\u00e9 pr\u00e9alablement accept\u00e9es par l\u2019utilisateur. SILENE traitera vos donn\u00e9es afin de g\u00e9rer correctement votre pr\u00e9sence sur le r\u00e9seau social, en vous informant des activit\u00e9s, produits ou services de SILENE, ainsi que pour tout autre objectif autoris\u00e9 par la r\u00e9glementation des r\u00e9seaux sociaux.<\/p>\n<p>La publication de contenu est interdite:<\/p>\n<p>Qu&rsquo;ils soient pr\u00e9sum\u00e9s illicites par les normes nationales, communautaires ou internationales ou qu&rsquo;ils exercent des activit\u00e9s pr\u00e9sum\u00e9es illicites ou contreviennent aux principes de la bonne foi.<\/p>\n<p>Qu&rsquo;ils attaquent les droits fondamentaux des personnes, manquent de courtoisie dans le r\u00e9seau, agacent ou peuvent g\u00e9n\u00e9rer des opinions n\u00e9gatives \u00e0 nos utilisateurs ou \u00e0 des tiers et en g\u00e9n\u00e9ral tout contenu qui ne semble pas appropri\u00e9.<\/p>\n<p>Et en g\u00e9n\u00e9ral, s&rsquo;ils contreviennent aux principes de l\u00e9galit\u00e9, d&rsquo;honorabilit\u00e9, de responsabilit\u00e9, de protection de la dignit\u00e9 humaine, de protection des mineurs, de protection de l&rsquo;ordre public, de protection de la vie priv\u00e9e, de protection des consommateurs et de droits de propri\u00e9t\u00e9 intellectuelle et industrielle.<\/p>\n<p>Cependant, SILENE se r\u00e9serve le droit de retirer, sans notification pr\u00e9alable du site Web ou du r\u00e9seau social d&rsquo;entreprise, les contenus consid\u00e9r\u00e9s comme inappropri\u00e9s.<\/p>\n<h2>6. Modification de l&rsquo;avis juridique<\/h2>\n<p>SILENE se r\u00e9serve le droit de modifier, \u00e0 tout moment et sans pr\u00e9avis, la pr\u00e9sente notice l\u00e9gale afin de l\u2019adapter aux nouveaut\u00e9s l\u00e9gislatives ou jurisprudentielles, ainsi qu\u2019aux pratiques appropri\u00e9es, avec l\u2019obligation, de la part de L&rsquo;utilisateur doit consulter p\u00e9riodiquement ces conditions, conditions et politiques afin de v\u00e9rifier ou de s&rsquo;assurer de l&rsquo;existence de modifications, en prenant pour r\u00e9f\u00e9rence la date de la derni\u00e8re mise \u00e0 jour.<\/p>\n<!--themify_builder_content-->\n<div id=\"themify_builder_content-69294\" data-postid=\"69294\" class=\"themify_builder_content themify_builder_content-69294 themify_builder tf_clear\">\n    <\/div>\n<!--\/themify_builder_content-->\n","protected":false},"excerpt":{"rendered":"<p>Mentions l\u00e9gales page web 1. Informations sur l&rsquo;entreprise En vertu des obligations \u00e9tablies par la loi 34\/2002 des&#8230;<\/p>\n","protected":false},"author":21,"featured_media":73460,"parent":0,"menu_order":0,"comment_status":"closed","ping_status":"closed","template":"","meta":{"_acf_changed":false,"footnotes":""},"class_list":["post-69294","page","type-page","status-publish","has-post-thumbnail","hentry","has-post-title","has-post-date","has-post-category","has-post-tag","has-post-comment","has-post-author",""],"acf":[],"_links":{"self":[{"href":"https:\/\/www.silene.ong\/fr\/wp-json\/wp\/v2\/pages\/69294","targetHints":{"allow":["GET"]}}],"collection":[{"href":"https:\/\/www.silene.ong\/fr\/wp-json\/wp\/v2\/pages"}],"about":[{"href":"https:\/\/www.silene.ong\/fr\/wp-json\/wp\/v2\/types\/page"}],"author":[{"embeddable":true,"href":"https:\/\/www.silene.ong\/fr\/wp-json\/wp\/v2\/users\/21"}],"replies":[{"embeddable":true,"href":"https:\/\/www.silene.ong\/fr\/wp-json\/wp\/v2\/comments?post=69294"}],"version-history":[{"count":2,"href":"https:\/\/www.silene.ong\/fr\/wp-json\/wp\/v2\/pages\/69294\/revisions"}],"predecessor-version":[{"id":81188,"href":"https:\/\/www.silene.ong\/fr\/wp-json\/wp\/v2\/pages\/69294\/revisions\/81188"}],"wp:featuredmedia":[{"embeddable":true,"href":"https:\/\/www.silene.ong\/fr\/wp-json\/"}],"wp:attachment":[{"href":"https:\/\/www.silene.ong\/fr\/wp-json\/wp\/v2\/media?parent=69294"}],"curies":[{"name":"wp","href":"https:\/\/api.w.org\/{rel}","templated":true}]}}