{"id":69295,"date":"2018-11-30T12:10:27","date_gmt":"2018-11-30T10:10:27","guid":{"rendered":"http:\/\/silene.idilicstudio.com\/?page_id=69295"},"modified":"2023-01-24T16:29:13","modified_gmt":"2023-01-24T15:29:13","slug":"collaborateurs","status":"publish","type":"page","link":"https:\/\/www.silene.ong\/fr\/collaborateurs","title":{"rendered":"Collaborateurs"},"content":{"rendered":"<!--themify_builder_content-->\n<div id=\"themify_builder_content-69295\" data-postid=\"69295\" class=\"themify_builder_content themify_builder_content-69295 themify_builder tf_clear\">\n                    <div  data-lazy=\"1\" class=\"module_row themify_builder_row tb_3175e73 tb_first tf_w\">\n                        <div class=\"row_inner col_align_top tb_col_count_1 tf_box tf_rel\">\n                        <div  data-lazy=\"1\" class=\"module_column tb-column col-full tb_181024f first\">\n                    <!-- module text -->\n<div  class=\"module module-text tb_d6ebbae  repeat \" data-lazy=\"1\">\n        <div  class=\"tb_text_wrap\">\n        <h1>Collaborateurs<\/h1><p>Silene est membre du R\u00e9seau d&rsquo;apprentissage pour les espaces naturels (PALNet) et est li\u00e9e au Groupe de sp\u00e9cialistes sur les valeurs culturelles et spirituelles des espaces naturels prot\u00e9g\u00e9s, de la Commission mondiale des aires prot\u00e9g\u00e9es de l&rsquo;Union internationale pour la conservation de la nature (UICN).<\/p><p>Silene ha collabor\u00e9e avec:<\/p><ul><li>Organismes publics, communaux ou priv\u00e9s responsables des espaces naturels prot\u00e9g\u00e9s en Europe.<\/li><li>ONG et entit\u00e9s priv\u00e9es ayant des int\u00e9r\u00eats communs en Catalogne, Espagne, France, Gr\u00e8ce, Italie, Maroc, Mexique et Roumanie.<\/li><li>Monast\u00e8res et temples catholiques, orthodoxes et bouddhistes situ\u00e9s dans des espaces naturels prot\u00e9g\u00e9s.<\/li><\/ul>    <\/div>\n<\/div>\n<!-- \/module text --><!-- module plain text -->\n<div  class=\"module module-plain-text tb_5qj2511 \" data-lazy=\"1\">\n        <div class=\"tb_text_wrap\">\n    <form action=\"https:\/\/www.paypal.com\/cgi-bin\/webscr\" method=\"post\" target=\"_top\">\r\n<input type=\"hidden\" name=\"cmd\" value=\"_s-xclick\" \/>\r\n<input type=\"hidden\" name=\"hosted_button_id\" value=\"TAUJ8LW6YYUUW\" \/>\r\n<input type=\"image\" src=\"https:\/\/www.paypalobjects.com\/es_ES\/ES\/i\/btn\/btn_donate_SM.gif\" border=\"0\" name=\"submit\" title=\"PayPal - The safer, easier way to pay online!\" alt=\"Bot\u00f3n Donar con PayPal\" \/>\r\n<img loading=\"lazy\" decoding=\"async\" alt=\"\" border=\"0\" src=\"https:\/\/www.paypal.com\/es_ES\/i\/scr\/pixel.gif\" width=\"1\" height=\"1\" \/>\r\n<\/form>    <\/div>\n<\/div>\n<!-- \/module plain text --><!-- module gallery -->\n<div  class=\"module gallery module-gallery tb_86f2fea layout-grid  \" data-lazy=\"1\">\n    <div class=\"module-gallery-grid\" style=\"--gald:6;--galt:6;--galm:6\">\n            <dl class=\"gallery-item\">\n            <dt class=\"gallery-icon\">\n            <img loading=\"lazy\" decoding=\"async\" width=\"784\" height=\"722\" src=\"https:\/\/www.silene.ong\/wp-content\/uploads\/2018\/11\/UICN.jpg\" class=\"wp-post-image wp-image-69083\" title=\"UICN\" alt=\"UICN\" srcset=\"https:\/\/www.silene.ong\/wp-content\/uploads\/2018\/11\/UICN.jpg 784w, https:\/\/www.silene.ong\/wp-content\/uploads\/2018\/11\/UICN-507x467.jpg 507w, https:\/\/www.silene.ong\/wp-content\/uploads\/2018\/11\/UICN-768x707.jpg 768w, https:\/\/www.silene.ong\/wp-content\/uploads\/2018\/11\/UICN-760x700.jpg 760w\" sizes=\"auto, (max-width: 784px) 100vw, 784px\" \/>            <\/dt>\n             \n                <dd class=\"wp-caption-text gallery-caption\">\n                                                                <span class=\"themify_image_caption\">Union Internationale por la Prot\u00e9ction de la Nature<\/span>\n                                    <\/dd>\n                    <\/dl>\n            <dl class=\"gallery-item\">\n            <dt class=\"gallery-icon\">\n            <img loading=\"lazy\" decoding=\"async\" width=\"1111\" height=\"262\" src=\"https:\/\/www.silene.ong\/wp-content\/uploads\/2018\/11\/CSVPA.jpeg\" class=\"wp-post-image wp-image-69079\" title=\"CSVPA\" alt=\"CSVPA\" srcset=\"https:\/\/www.silene.ong\/wp-content\/uploads\/2018\/11\/CSVPA.jpeg 1111w, https:\/\/www.silene.ong\/wp-content\/uploads\/2018\/11\/CSVPA-800x189.jpeg 800w, https:\/\/www.silene.ong\/wp-content\/uploads\/2018\/11\/CSVPA-768x181.jpeg 768w\" sizes=\"auto, (max-width: 1111px) 100vw, 1111px\" \/>            <\/dt>\n             \n                <dd class=\"wp-caption-text gallery-caption\">\n                                                                <span class=\"themify_image_caption\">Cultural and Spiritual Values of Protected Areas<\/span>\n                                    <\/dd>\n                    <\/dl>\n            <dl class=\"gallery-item\">\n            <dt class=\"gallery-icon\">\n            <img loading=\"lazy\" decoding=\"async\" width=\"224\" height=\"225\" src=\"https:\/\/www.silene.ong\/wp-content\/uploads\/2023\/01\/CEESP-logo.png\" class=\"wp-post-image wp-image-116854\" title=\"CEESP logo\" alt=\"CEESP logo\">            <\/dt>\n             \n                <dd class=\"wp-caption-text gallery-caption\">\n                                                                <span class=\"themify_image_caption\">Comissi\u00f3 d'Educaci\u00f3 i Pol\u00edtiques Ambientals<\/span>\n                                    <\/dd>\n                    <\/dl>\n            <dl class=\"gallery-item\">\n            <dt class=\"gallery-icon\">\n            <img loading=\"lazy\" decoding=\"async\" width=\"1118\" height=\"482\" src=\"https:\/\/www.silene.ong\/wp-content\/uploads\/2018\/11\/CMAP.jpg\" class=\"wp-post-image wp-image-69087\" title=\"CMAP\" alt=\"CMAP\" srcset=\"https:\/\/www.silene.ong\/wp-content\/uploads\/2018\/11\/CMAP.jpg 1118w, https:\/\/www.silene.ong\/wp-content\/uploads\/2018\/11\/CMAP-800x345.jpg 800w, https:\/\/www.silene.ong\/wp-content\/uploads\/2018\/11\/CMAP-768x331.jpg 768w\" sizes=\"auto, (max-width: 1118px) 100vw, 1118px\" \/>            <\/dt>\n             \n                <dd class=\"wp-caption-text gallery-caption\">\n                                                                <span class=\"themify_image_caption\">CMAP - Commission mondiale d'aires prot\u00e9g\u00e9es<\/span>\n                                    <\/dd>\n                    <\/dl>\n            <dl class=\"gallery-item\">\n            <dt class=\"gallery-icon\">\n            <img loading=\"lazy\" decoding=\"async\" width=\"215\" height=\"234\" src=\"https:\/\/www.silene.ong\/wp-content\/uploads\/2018\/11\/BN-color.jpeg\" class=\"wp-post-image wp-image-69075\" title=\"BN color\" alt=\"BN color\">            <\/dt>\n             \n                <dd class=\"wp-caption-text gallery-caption\">\n                                                                <span class=\"themify_image_caption\">BN - federal Agency for Nature Conservation<\/span>\n                                    <\/dd>\n                    <\/dl>\n            <dl class=\"gallery-item\">\n            <dt class=\"gallery-icon\">\n            <img loading=\"lazy\" decoding=\"async\" width=\"218\" height=\"172\" src=\"https:\/\/www.silene.ong\/wp-content\/uploads\/2018\/11\/delos.png\" class=\"wp-post-image wp-image-69103\" title=\"delos\" alt=\"delos\">            <\/dt>\n             \n                <dd class=\"wp-caption-text gallery-caption\">\n                                                                <span class=\"themify_image_caption\">The Delos Initiative<\/span>\n                                    <\/dd>\n                    <\/dl>\n            <dl class=\"gallery-item\">\n            <dt class=\"gallery-icon\">\n            <img loading=\"lazy\" decoding=\"async\" width=\"296\" height=\"300\" src=\"https:\/\/www.silene.ong\/wp-content\/uploads\/2018\/11\/europarc.jpg\" class=\"wp-post-image wp-image-69099\" title=\"europarc\" alt=\"europarc\">            <\/dt>\n             \n                <dd class=\"wp-caption-text gallery-caption\">\n                                                                <span class=\"themify_image_caption\">Europarc Espa\u00f1a<\/span>\n                                    <\/dd>\n                    <\/dl>\n            <dl class=\"gallery-item\">\n            <dt class=\"gallery-icon\">\n            <img loading=\"lazy\" decoding=\"async\" width=\"225\" height=\"225\" src=\"https:\/\/www.silene.ong\/wp-content\/uploads\/2019\/02\/logo-MedINA.jpg\" class=\"wp-post-image wp-image-74575\" title=\"logo MedINA\" alt=\"logo MedINA\">            <\/dt>\n             \n                <dd class=\"wp-caption-text gallery-caption\">\n                                                                <span class=\"themify_image_caption\">Mediterranean Institute for Nature and Anthropos<\/span>\n                                    <\/dd>\n                    <\/dl>\n            <dl class=\"gallery-item\">\n            <dt class=\"gallery-icon\">\n            <img loading=\"lazy\" decoding=\"async\" width=\"1170\" height=\"469\" src=\"https:\/\/www.silene.ong\/wp-content\/uploads\/2018\/11\/IEC.jpg\" class=\"wp-post-image wp-image-69095\" title=\"IEC\" alt=\"IEC\" srcset=\"https:\/\/www.silene.ong\/wp-content\/uploads\/2018\/11\/IEC.jpg 1170w, https:\/\/www.silene.ong\/wp-content\/uploads\/2018\/11\/IEC-800x321.jpg 800w, https:\/\/www.silene.ong\/wp-content\/uploads\/2018\/11\/IEC-768x308.jpg 768w\" sizes=\"auto, (max-width: 1170px) 100vw, 1170px\" \/>            <\/dt>\n             \n                <dd class=\"wp-caption-text gallery-caption\">\n                                                                <span class=\"themify_image_caption\">Institud d'Estudis Catalans<\/span>\n                                    <\/dd>\n                    <\/dl>\n            <dl class=\"gallery-item\">\n            <dt class=\"gallery-icon\">\n            <img loading=\"lazy\" decoding=\"async\" width=\"536\" height=\"94\" src=\"https:\/\/www.silene.ong\/wp-content\/uploads\/2023\/01\/index.png\" class=\"wp-post-image wp-image-116838\" title=\"\u00edndex\" alt=\"\u00edndex\">            <\/dt>\n             \n                <dd class=\"wp-caption-text gallery-caption\">\n                                                                <span class=\"themify_image_caption\">DG Patrimoni Cultural Catalunya<\/span>\n                                    <\/dd>\n                    <\/dl>\n            <dl class=\"gallery-item\">\n            <dt class=\"gallery-icon\">\n            <img loading=\"lazy\" decoding=\"async\" width=\"432\" height=\"117\" src=\"https:\/\/www.silene.ong\/wp-content\/uploads\/2018\/11\/UdG.png\" class=\"wp-post-image wp-image-69063\" title=\"UdG\" alt=\"UdG\">            <\/dt>\n             \n                <dd class=\"wp-caption-text gallery-caption\">\n                                                                <span class=\"themify_image_caption\">Universitat de Girona<\/span>\n                                    <\/dd>\n                    <\/dl>\n            <dl class=\"gallery-item\">\n            <dt class=\"gallery-icon\">\n            <img loading=\"lazy\" decoding=\"async\" width=\"1024\" height=\"632\" src=\"https:\/\/www.silene.ong\/wp-content\/uploads\/2018\/11\/XCT.jpg\" class=\"wp-post-image wp-image-69071\" title=\"XCT\" alt=\"XCT\" srcset=\"https:\/\/www.silene.ong\/wp-content\/uploads\/2018\/11\/XCT.jpg 1024w, https:\/\/www.silene.ong\/wp-content\/uploads\/2018\/11\/XCT-757x467.jpg 757w, https:\/\/www.silene.ong\/wp-content\/uploads\/2018\/11\/XCT-768x474.jpg 768w\" sizes=\"auto, (max-width: 1024px) 100vw, 1024px\" \/>            <\/dt>\n             \n                <dd class=\"wp-caption-text gallery-caption\">\n                                                                <span class=\"themify_image_caption\">XCT - Xarxa de cust\u00f2dia del territori<\/span>\n                                    <\/dd>\n                    <\/dl>\n            <dl class=\"gallery-item\">\n            <dt class=\"gallery-icon\">\n            <img loading=\"lazy\" decoding=\"async\" width=\"315\" height=\"107\" src=\"https:\/\/www.silene.ong\/wp-content\/uploads\/2018\/11\/montsant.jpeg\" class=\"wp-post-image wp-image-69091\" title=\"montsant\" alt=\"montsant\">            <\/dt>\n             \n                <dd class=\"wp-caption-text gallery-caption\">\n                                                                <span class=\"themify_image_caption\">Parc natural de la Serralada de Montsant<\/span>\n                                    <\/dd>\n                    <\/dl>\n            <dl class=\"gallery-item\">\n            <dt class=\"gallery-icon\">\n            <img loading=\"lazy\" decoding=\"async\" width=\"156\" height=\"158\" src=\"https:\/\/www.silene.ong\/wp-content\/uploads\/2019\/02\/logo_PN_ZVG-2.jpg\" class=\"wp-post-image wp-image-74586\" title=\"logo_PN_ZVG (2)\" alt=\"logo_PN_ZVG (2)\">            <\/dt>\n             \n                <dd class=\"wp-caption-text gallery-caption\">\n                                                                <span class=\"themify_image_caption\">Parc Natural Zona Volc\u00e0nica Garrotxa<\/span>\n                                    <\/dd>\n                    <\/dl>\n            <dl class=\"gallery-item\">\n            <dt class=\"gallery-icon\">\n            <img loading=\"lazy\" decoding=\"async\" width=\"175\" height=\"185\" src=\"https:\/\/www.silene.ong\/wp-content\/uploads\/2023\/01\/LogoPN-Alt_Pirineu.jpg\" class=\"wp-post-image wp-image-116846\" title=\"LogoPN-Alt_Pirineu\" alt=\"LogoPN-Alt_Pirineu\">            <\/dt>\n             \n                <dd class=\"wp-caption-text gallery-caption\">\n                                                                <span class=\"themify_image_caption\">Parc Natural de l'Alt Pirineu<\/span>\n                                    <\/dd>\n                    <\/dl>\n            <dl class=\"gallery-item\">\n            <dt class=\"gallery-icon\">\n            <img loading=\"lazy\" decoding=\"async\" width=\"200\" height=\"150\" src=\"https:\/\/www.silene.ong\/wp-content\/uploads\/2023\/01\/ecomuseu-Valls-dAneu.png\" class=\"wp-post-image wp-image-116842\" title=\"ecomuseu Valls d&#039;\u00c0neu\" alt=\"ecomuseu Valls d&#039;\u00c0neu\">            <\/dt>\n             \n                <dd class=\"wp-caption-text gallery-caption\">\n                                                                <span class=\"themify_image_caption\">Ecomuseu de les Valls d'\u00c0neu<\/span>\n                                    <\/dd>\n                    <\/dl>\n            <dl class=\"gallery-item\">\n            <dt class=\"gallery-icon\">\n            <img loading=\"lazy\" decoding=\"async\" width=\"900\" height=\"900\" src=\"https:\/\/www.silene.ong\/wp-content\/uploads\/2019\/02\/logo-ICHN.png\" class=\"wp-post-image wp-image-74925\" title=\"logo ICHN\" alt=\"logo ICHN\" srcset=\"https:\/\/www.silene.ong\/wp-content\/uploads\/2019\/02\/logo-ICHN.png 900w, https:\/\/www.silene.ong\/wp-content\/uploads\/2019\/02\/logo-ICHN-467x467.png 467w, https:\/\/www.silene.ong\/wp-content\/uploads\/2019\/02\/logo-ICHN-768x768.png 768w, https:\/\/www.silene.ong\/wp-content\/uploads\/2019\/02\/logo-ICHN-700x700.png 700w\" sizes=\"auto, (max-width: 900px) 100vw, 900px\" \/>            <\/dt>\n             \n                <dd class=\"wp-caption-text gallery-caption\">\n                                                                <span class=\"themify_image_caption\">Instituci\u00f3 Catalana Hist\u00f2ria Natural<\/span>\n                                    <\/dd>\n                    <\/dl>\n            <dl class=\"gallery-item\">\n            <dt class=\"gallery-icon\">\n            <img loading=\"lazy\" decoding=\"async\" width=\"400\" height=\"400\" src=\"https:\/\/www.silene.ong\/wp-content\/uploads\/2019\/02\/Monestir-Poblet_logo.jpeg\" class=\"wp-post-image wp-image-74932\" title=\"Monestir Poblet_logo\" alt=\"Monestir Poblet_logo\">            <\/dt>\n             \n                <dd class=\"wp-caption-text gallery-caption\">\n                                                                <span class=\"themify_image_caption\">Monestir de Poblet<\/span>\n                                    <\/dd>\n                    <\/dl>\n            <dl class=\"gallery-item\">\n            <dt class=\"gallery-icon\">\n            <img loading=\"lazy\" decoding=\"async\" width=\"900\" height=\"304\" src=\"https:\/\/www.silene.ong\/wp-content\/uploads\/2018\/11\/SELVANS.png\" class=\"wp-post-image wp-image-69067\" title=\"SELVANS\" alt=\"SELVANS\" srcset=\"https:\/\/www.silene.ong\/wp-content\/uploads\/2018\/11\/SELVANS.png 900w, https:\/\/www.silene.ong\/wp-content\/uploads\/2018\/11\/SELVANS-800x270.png 800w, https:\/\/www.silene.ong\/wp-content\/uploads\/2018\/11\/SELVANS-768x259.png 768w\" sizes=\"auto, (max-width: 900px) 100vw, 900px\" \/>            <\/dt>\n             \n                <dd class=\"wp-caption-text gallery-caption\">\n                                                                <span class=\"themify_image_caption\">Selvans<\/span>\n                                    <\/dd>\n                    <\/dl>\n            <dl class=\"gallery-item\">\n            <dt class=\"gallery-icon\">\n            <img loading=\"lazy\" decoding=\"async\" width=\"365\" height=\"365\" src=\"https:\/\/www.silene.ong\/wp-content\/uploads\/2020\/06\/logo-pelle-maha-e1591030260560.png\" class=\"wp-post-image wp-image-99618\" title=\"logo pelle maha\" alt=\"logo pelle maha\">            <\/dt>\n             \n                <dd class=\"wp-caption-text gallery-caption\">\n                                                                <span class=\"themify_image_caption\">Pelle Maha<\/span>\n                                    <\/dd>\n                    <\/dl>\n            <dl class=\"gallery-item\">\n            <dt class=\"gallery-icon\">\n            <img loading=\"lazy\" decoding=\"async\" width=\"199\" height=\"253\" src=\"https:\/\/www.silene.ong\/wp-content\/uploads\/2023\/01\/Centre-Art-Natura-Farrera.jpg\" class=\"wp-post-image wp-image-116850\" title=\"Centre Art Natura Farrera\" alt=\"Centre Art Natura Farrera\">            <\/dt>\n             \n                <dd class=\"wp-caption-text gallery-caption\">\n                                                                <span class=\"themify_image_caption\">Centre d'Art i Natura de Farrera<\/span>\n                                    <\/dd>\n                    <\/dl>\n            <dl class=\"gallery-item\">\n            <dt class=\"gallery-icon\">\n            <img loading=\"lazy\" decoding=\"async\" width=\"225\" height=\"225\" src=\"https:\/\/www.silene.ong\/wp-content\/uploads\/2023\/01\/Casa-Espiritualitat-Miracle.jpg\" class=\"wp-post-image wp-image-116858\" title=\"Casa Espiritualitat Miracle\" alt=\"Casa Espiritualitat Miracle\">            <\/dt>\n             \n                <dd class=\"wp-caption-text gallery-caption\">\n                                                                <span class=\"themify_image_caption\">Casa d'Espiritualitat El Miracle<\/span>\n                                    <\/dd>\n                    <\/dl>\n    <\/div>\n<\/div>\n<!-- \/module gallery -->        <\/div>\n                        <\/div>\n        <\/div>\n        <\/div>\n<!--\/themify_builder_content-->\n<p>&nbsp;<\/p>","protected":false},"excerpt":{"rendered":"<p>Collaborateurs Silene est membre du R\u00e9seau d&rsquo;apprentissage pour les espaces naturels (PALNet) et est li\u00e9e au Groupe de&#8230;<\/p>\n","protected":false},"author":21,"featured_media":73460,"parent":0,"menu_order":0,"comment_status":"closed","ping_status":"closed","template":"","meta":{"_acf_changed":false,"footnotes":""},"class_list":["post-69295","page","type-page","status-publish","has-post-thumbnail","hentry","has-post-title","has-post-date","has-post-category","has-post-tag","has-post-comment","has-post-author",""],"acf":[],"_links":{"self":[{"href":"https:\/\/www.silene.ong\/fr\/wp-json\/wp\/v2\/pages\/69295","targetHints":{"allow":["GET"]}}],"collection":[{"href":"https:\/\/www.silene.ong\/fr\/wp-json\/wp\/v2\/pages"}],"about":[{"href":"https:\/\/www.silene.ong\/fr\/wp-json\/wp\/v2\/types\/page"}],"author":[{"embeddable":true,"href":"https:\/\/www.silene.ong\/fr\/wp-json\/wp\/v2\/users\/21"}],"replies":[{"embeddable":true,"href":"https:\/\/www.silene.ong\/fr\/wp-json\/wp\/v2\/comments?post=69295"}],"version-history":[{"count":31,"href":"https:\/\/www.silene.ong\/fr\/wp-json\/wp\/v2\/pages\/69295\/revisions"}],"predecessor-version":[{"id":102513,"href":"https:\/\/www.silene.ong\/fr\/wp-json\/wp\/v2\/pages\/69295\/revisions\/102513"}],"wp:featuredmedia":[{"embeddable":true,"href":"https:\/\/www.silene.ong\/fr\/wp-json\/"}],"wp:attachment":[{"href":"https:\/\/www.silene.ong\/fr\/wp-json\/wp\/v2\/media?parent=69295"}],"curies":[{"name":"wp","href":"https:\/\/api.w.org\/{rel}","templated":true}]}}