{"id":69296,"date":"2018-11-30T12:10:27","date_gmt":"2018-11-30T10:10:27","guid":{"rendered":"http:\/\/silene.idilicstudio.com\/?page_id=69296"},"modified":"2022-01-31T19:32:47","modified_gmt":"2022-01-31T18:32:47","slug":"conditions-dacceptation-des-travaux","status":"publish","type":"page","link":"https:\/\/www.silene.ong\/fr\/conditions-dacceptation-des-travaux","title":{"rendered":"Conditions d&rsquo;acceptation des travaux"},"content":{"rendered":"<h1 class=\"txttit\"><strong>C<\/strong>onditions d&rsquo;acceptation des travaux<\/h1>\n<p>Pour l&rsquo;acceptation, l&rsquo;incorporation et la diffusion d&rsquo;\u0153uvres originales par le biais du Centre de documentation Silene et de son site Web, l&rsquo;auteur doit accepter les conditions suivantes\u00a0:<\/p>\n<p>1. L&rsquo;auteur\/s d\u00e9clare que le document est son \u0153uvre originale et ne porte pas atteinte aux droits d&rsquo;auteur de tiers.<br \/>\n2. L&rsquo;auteur et le titulaire des droits d&rsquo;auteur accordent \u00e0 Silene le droit non exclusif d&rsquo;archiver, de reproduire, de communiquer et de diffuser votre document par l&rsquo;interm\u00e9diaire du Centre de documentation sur le site Web de Silene (www.silene.ong).<br \/>\n3. Silene identifiera clairement le ou les auteurs du document par le biais de son site Internet.<br \/>\n4. Afin de pr\u00e9server le document, Silene pourra enregistrer plus d&rsquo;une copie du document sans en modifier le contenu.<br \/>\n5. Dans les mentions l\u00e9gales du site Web Silene, il est indiqu\u00e9 que les articles et les communications qui apparaissent sur www.silene.ong sont la propri\u00e9t\u00e9 de chaque auteur individuel et que, par cons\u00e9quent, la reproduction, la copie, la distribution, la communication publique transformation ou la commercialisation de ces informations n&rsquo;est pas autoris\u00e9e sans l&rsquo;autorisation expresse de ses auteurs ou titulaires des droits d&rsquo;exploitation.<br \/>\n6. Ce d\u00e9p\u00f4t est \u00e0 dur\u00e9e ind\u00e9termin\u00e9e.<\/p>\n<!--themify_builder_content-->\n<div id=\"themify_builder_content-69296\" data-postid=\"69296\" class=\"themify_builder_content themify_builder_content-69296 themify_builder tf_clear\">\n    <\/div>\n<!--\/themify_builder_content-->\n","protected":false},"excerpt":{"rendered":"<p>Conditions d&rsquo;acceptation des travaux Pour l&rsquo;acceptation, l&rsquo;incorporation et la diffusion d&rsquo;\u0153uvres originales par le biais du Centre de&#8230;<\/p>\n","protected":false},"author":21,"featured_media":73460,"parent":0,"menu_order":0,"comment_status":"closed","ping_status":"closed","template":"","meta":{"_acf_changed":false,"footnotes":""},"class_list":["post-69296","page","type-page","status-publish","has-post-thumbnail","hentry","has-post-title","has-post-date","has-post-category","has-post-tag","has-post-comment","has-post-author",""],"acf":[],"_links":{"self":[{"href":"https:\/\/www.silene.ong\/fr\/wp-json\/wp\/v2\/pages\/69296","targetHints":{"allow":["GET"]}}],"collection":[{"href":"https:\/\/www.silene.ong\/fr\/wp-json\/wp\/v2\/pages"}],"about":[{"href":"https:\/\/www.silene.ong\/fr\/wp-json\/wp\/v2\/types\/page"}],"author":[{"embeddable":true,"href":"https:\/\/www.silene.ong\/fr\/wp-json\/wp\/v2\/users\/21"}],"replies":[{"embeddable":true,"href":"https:\/\/www.silene.ong\/fr\/wp-json\/wp\/v2\/comments?post=69296"}],"version-history":[{"count":4,"href":"https:\/\/www.silene.ong\/fr\/wp-json\/wp\/v2\/pages\/69296\/revisions"}],"predecessor-version":[{"id":111002,"href":"https:\/\/www.silene.ong\/fr\/wp-json\/wp\/v2\/pages\/69296\/revisions\/111002"}],"wp:featuredmedia":[{"embeddable":true,"href":"https:\/\/www.silene.ong\/fr\/wp-json\/"}],"wp:attachment":[{"href":"https:\/\/www.silene.ong\/fr\/wp-json\/wp\/v2\/media?parent=69296"}],"curies":[{"name":"wp","href":"https:\/\/api.w.org\/{rel}","templated":true}]}}