{"id":69300,"date":"2018-11-30T12:10:28","date_gmt":"2018-11-30T10:10:28","guid":{"rendered":"http:\/\/silene.idilicstudio.com\/?page_id=69300"},"modified":"2021-02-20T00:35:34","modified_gmt":"2021-02-19T23:35:34","slug":"politique-de-confidentialite","status":"publish","type":"page","link":"https:\/\/www.silene.ong\/fr\/politique-de-confidentialite","title":{"rendered":"Politique de confidentialit\u00e9"},"content":{"rendered":"<h1>Pol\u00edtica de privacitat de dades<\/h1>\n<h2>1. Responsable<\/h2>\n<p>Les dades de car\u00e0cter personal que ens faciliti a trav\u00e9s del lloc web www.laweb.com (en endavant, el \u00ab\u00a0Lloc Web\u00a0\u00bb) com a usuari del mateix seran incloses en un fitxer titularitat SILENE ONG a partir d&rsquo;ara SILENE, amb domicili social al C \/ CARRER N\u00baXX, XXXXX Poble (Ciutat, Espanya); prove\u00efda d&rsquo;N.I.F. n\u00fam. BXXXXXXXX; i amb adre\u00e7a electr\u00f2nica email@laSILENE.com<\/p>\n<p>El tractament de les teves dades i la present Pol\u00edtica de Privacitat es regir\u00e0 pel Reglament General de Protecci\u00f3 de Dades o Reglament [UE] 2016\/679) (el \u00ab\u00a0RGPD\u00a0\u00bb).<\/p>\n<h2>2. Finalitat<\/h2>\n<p>Per a l&rsquo;\u00fas de determinats serveis, l&rsquo;usuari haur\u00e0 de comunicar dades de car\u00e0cter personal. Els usuaris, mitjan\u00e7ant la marcaci\u00f3 de la casella habilitada en els formularis de contacte habilitats en el lloc web accepten expressament i de forma lliure i inequ\u00edvoca que les seves dades personals siguin tractades per part d&rsquo;SILENE, on informar\u00e0 a l&rsquo;usuari conforme a analitzar la informaci\u00f3 que es derivi d&rsquo;aquesta gesti\u00f3 per millorar els nostres serveis i adequar-los a les prefer\u00e8ncies dels usuaris amb les seg\u00fcents finalitats:<\/p>\n<ul>\n<li>Facilitar-li l&rsquo;acc\u00e9s al Lloc Web i millorar la experi\u00e8ncia d\u2019usuari<\/li>\n<li>Gestionar els serveis sol\u00b7licitats en el Lloc Web.<\/li>\n<li>Facilitar als interessats ofertes de productes i serveis del seu inter\u00e8s.<\/li>\n<li>Elaborar un \u00ab\u00a0perfil comercial\u00a0\u00bb, d&rsquo;acord amb la informaci\u00f3 facilitada. No es prendran decisions automatitzades en base a aquest perfil.<\/li>\n<\/ul>\n<h2>3. Legitimaci\u00f3<\/h2>\n<p>En remetre l&rsquo;usuari les seves dades de car\u00e0cter personal a SILENE, aquest consent expressament que SILENE realitzi les seg\u00fcents activitats i \/ o accions, llevat que s&rsquo;indiqui el contrari en contractar o subscriure qualssevol producte i \/ o servei d&rsquo;SILENE o com a resultat d&rsquo;una revocaci\u00f3 posterior del consentiment inicialment atorgat::<\/p>\n<ul>\n<li>L&rsquo;enviament de comunicacions comercials i \/ o promocionals en paper, informant als usuaris de les activitats, promocions, publicitat, not\u00edcies, ofertes i altra informaci\u00f3 sobre els serveis i productes relacionats amb l&rsquo;activitat comercial.<\/li>\n<li>L&rsquo;enviament de comunicacions comercials per via electr\u00f2nica, informant als usuaris de les activitats, promocions, publicitat, not\u00edcies, ofertes i altra informaci\u00f3 sobre els serveis i productes d&rsquo;SILENE iguals o similars als que van ser inicialment objecte de contractaci\u00f3 o d&rsquo;inter\u00e8s pel usuari.<\/li>\n<li>Tramitar enc\u00e0rrecs de peticions o respondre a les peticions que siguin realitzades per l&rsquo;usuari a trav\u00e9s de qualsevol de les formes de contacte que es posen a disposici\u00f3 de l&rsquo;usuari en el lloc web d&rsquo;SILENE.<\/li>\n<li>Realitzar estudis estad\u00edstics.<\/li>\n<li>O en el cas que s&rsquo;estableixi en el nostre lloc web cursar la seva sol\u00b7licitud de registre d\u2019usuari \/ o la seva comanda de productes oferts per SILENE. Un cop confirmada i acceptada la seva sol\u00b7licitud, l&rsquo;usuari rebr\u00e0 un correu electr\u00f2nic de confirmaci\u00f3 a l&rsquo;adre\u00e7a indicada al moment de completar el formulari de registre.<\/li>\n<\/ul>\n<p>Sense perjudici de tot l&rsquo;anterior, no es considerar\u00e0 comunicaci\u00f3 comercial i \/ o publicit\u00e0ria tota aquella informaci\u00f3 enviada per SILENE -fins i tot per mitjans electr\u00f2nics- als usuaris d&rsquo;SILENE amb la finalitat de dur a terme, executar i \/ o desenvolupar qualsevol prestaci\u00f3 subscrita o contractada -tot i que no fos subscrita per mitjans electr\u00f2nics- per l&rsquo;usuari i totes les altres tasques, accions i \/ o activitats derivades d&rsquo;aquesta relaci\u00f3 contractual i \/ o comercial.<\/p>\n<p>Mitjan\u00e7ant l&rsquo;enviament de dades, vost\u00e8 presta el seu consentiment perqu\u00e8 SILENE tracti les seves dades personals conforme a les finalitats descrites. Vost\u00e8 garanteix que les dades facilitades s\u00f3n veraces, exactes i completes, i es responsabilitza de notificar qualsevol canvi sobre aquests.<\/p>\n<h2>4. Destinataris<\/h2>\n<p>Les dades es comunicaran a altres empreses del grup SILENE per a fins administratius interns, incl\u00f2s el tractament de dades personals de clients o empleats.<\/p>\n<p>Els fitxers s\u00f3n emmagatzemats en els nostres prove\u00efdors tecnol\u00f2gics d&#8217;emmagatzematge web, email i m\u00e0rqueting en l\u00ednia, en acord a la seguretat EU-US Privacy.<\/p>\n<p>En acceptar aquesta pol\u00edtica de privacitat, ens autoritzes expressament a tractar i comunicar les vostres dades personals a les societats esmentades i \/ o transferir les dades personals als referits prestadors de serveis com a encarregats del Tractament per a les finalitats descrites i donar-te un servei complet.<\/p>\n<p>SILENE informa i garanteix expressament als usuaris que les seves dades personals no seran cedides en cap cas a terceres companyies, i que sempre que fos a realitzar algun tipus de cessi\u00f3 de dades personals, de forma pr\u00e8via, es demanaria el consentiment expr\u00e9s, informat, i inequ\u00edvoc per part dels titulars.<\/p>\n<h2>5. Drets<\/h2>\n<p>D&rsquo;acord amb la legislaci\u00f3 de protecci\u00f3 de dades, Vost\u00e8 compta amb els Drets d&rsquo;informaci\u00f3, acc\u00e9s, rectificaci\u00f3, cancel\u00b7laci\u00f3, oposici\u00f3 i portabilitat. T\u00e9 dret a obtenir confirmaci\u00f3 sobre si en SILENE estem tractant dades personals que els concerneixin, o no. Les persones interessades tenen dret a si accedir a les seves dades personals, aix\u00ed com a sol\u00b7licitar la rectificaci\u00f3 de les dades inexactes o, si escau, sol\u00b7licitar la seva supressi\u00f3 quan, entre d&rsquo;altres motius, les dades ja no siguin necessaris per als fins que van ser recollits.<\/p>\n<p>En determinades circumst\u00e0ncies, els interessats podran sol\u00b7licitar la limitaci\u00f3 del tractament de les seves dades, en aquest cas \u00fanicament els conservarem per a l&rsquo;exercici o la defensa de reclamacions.<\/p>\n<p>En determinades circumst\u00e0ncies i per motius relacionats amb la seva situaci\u00f3 particular, els interessats podran oposar-se al tractament de les seves dades SILENE deixar\u00e0 de tractar les dades, excepte per motius leg\u00edtims imperiosos, o l&rsquo;exercici o la defensa de possibles reclamacions.<\/p>\n<p>Vost\u00e8 podr\u00e0 exercir els drets d&rsquo;acc\u00e9s, rectificaci\u00f3, cancel\u00b7laci\u00f3, oposici\u00f3 i portabilitat mitjan\u00e7ant l&rsquo;enviament d&rsquo;un correu electr\u00f2nic a l&rsquo;adre\u00e7a email@laSILENE.com o per correu postal a l&rsquo;adre\u00e7a SILENE C\/ CARRER N\u00baXX, XXXXX Poble (Ciutat, Espanya) indicant el seu nom i cognoms, petici\u00f3 en la qual es concreta la seva sol\u00b7licitud, adre\u00e7a a efectes de notificacions, i haur\u00e0 d&rsquo;adjuntar c\u00f2pia del seu DNI o un altre document v\u00e0lid que l&rsquo;identifiqui.<\/p>\n<p>Aix\u00ed mateix, SILENE es compromet a garantir la confidencialitat de les seves dades personals i a utilitzar d&rsquo;acord amb les finalitats anteriorment indicades.<\/p>\n<p>Igualment, ha d&rsquo;adoptar totes les mesures necess\u00e0ries per evitar la seva alteraci\u00f3, p\u00e8rdua, tractament o acc\u00e9s no autoritzat, d&rsquo;acord amb el que estableix la normativa sobre protecci\u00f3 de dades de car\u00e0cter personal.<\/p>\n<h2>6. Termini de conservaci\u00f3 de les dades<\/h2>\n<p>Mantindrem les teves dades personals durant la vig\u00e8ncia de la relaci\u00f3 contractual amb nosaltres i, un cop acabada, durant els terminis de prescripci\u00f3 de les obligacions que hagin pogut n\u00e9ixer del tractament de les dades i \/ o els terminis que legalment s&rsquo;estableixin.<\/p>\n<!--themify_builder_content-->\n<div id=\"themify_builder_content-69300\" data-postid=\"69300\" class=\"themify_builder_content themify_builder_content-69300 themify_builder tf_clear\">\n    <\/div>\n<!--\/themify_builder_content-->\n","protected":false},"excerpt":{"rendered":"<p>Pol\u00edtica de privacitat de dades 1. Responsable Les dades de car\u00e0cter personal que ens faciliti a trav\u00e9s del&#8230;<\/p>\n","protected":false},"author":21,"featured_media":73460,"parent":0,"menu_order":0,"comment_status":"closed","ping_status":"closed","template":"","meta":{"_acf_changed":false,"footnotes":""},"class_list":["post-69300","page","type-page","status-publish","has-post-thumbnail","hentry","has-post-title","has-post-date","has-post-category","has-post-tag","has-post-comment","has-post-author",""],"acf":[],"_links":{"self":[{"href":"https:\/\/www.silene.ong\/fr\/wp-json\/wp\/v2\/pages\/69300","targetHints":{"allow":["GET"]}}],"collection":[{"href":"https:\/\/www.silene.ong\/fr\/wp-json\/wp\/v2\/pages"}],"about":[{"href":"https:\/\/www.silene.ong\/fr\/wp-json\/wp\/v2\/types\/page"}],"author":[{"embeddable":true,"href":"https:\/\/www.silene.ong\/fr\/wp-json\/wp\/v2\/users\/21"}],"replies":[{"embeddable":true,"href":"https:\/\/www.silene.ong\/fr\/wp-json\/wp\/v2\/comments?post=69300"}],"version-history":[{"count":1,"href":"https:\/\/www.silene.ong\/fr\/wp-json\/wp\/v2\/pages\/69300\/revisions"}],"predecessor-version":[{"id":69303,"href":"https:\/\/www.silene.ong\/fr\/wp-json\/wp\/v2\/pages\/69300\/revisions\/69303"}],"wp:featuredmedia":[{"embeddable":true,"href":"https:\/\/www.silene.ong\/fr\/wp-json\/"}],"wp:attachment":[{"href":"https:\/\/www.silene.ong\/fr\/wp-json\/wp\/v2\/media?parent=69300"}],"curies":[{"name":"wp","href":"https:\/\/api.w.org\/{rel}","templated":true}]}}