{"id":69301,"date":"2018-11-30T12:10:28","date_gmt":"2018-11-30T10:10:28","guid":{"rendered":"http:\/\/silene.idilicstudio.com\/?page_id=69301"},"modified":"2021-02-20T00:35:40","modified_gmt":"2021-02-19T23:35:40","slug":"utilisation-de-cookies","status":"publish","type":"page","link":"https:\/\/www.silene.ong\/fr\/utilisation-de-cookies","title":{"rendered":"Utilisation de cookies"},"content":{"rendered":"<h1>\u00das de Cookies<\/h1>\n<p>La nostra p\u00e0gina web, igual que la majoria de sites a Internet, utilitzen cookies pr\u00f2pies i de tercers per millorar la teva experi\u00e8ncia d&rsquo;usuari. A continuaci\u00f3 t&rsquo;expliquem qu\u00e8 s\u00f3n les cookies, quin tipus de cookies utilitzem, i com pots desactivar les cookies al teu navegador.<\/p>\n<h2>1. Qu\u00e8 s\u00f3n les cookies? per a qu\u00e8 serveixen? per qu\u00e8 s\u00f3n importants?<\/h2>\n<p>Una cookie \u00e9s un petit arxiu de text que es descarrega en el navegador del teu ordinador, tel\u00e8fon m\u00f2bil, tablet o qualsevol altre dispositiu d&rsquo;acc\u00e9s a internet quan visites un web.<\/p>\n<p>Les cookies serveixen per recon\u00e8ixer el dispositiu quan tornes a visitar el site, facilitant el seu \u00fas a recordar les teves prefer\u00e8ncies i configuraci\u00f3 de navegaci\u00f3 (p.ex. la llengua, pa\u00eds, moneda, dades d&rsquo;acc\u00e9s, etc.). Tamb\u00e9 faciliten certes funcionalitats (p.ex .: mostrar anuncis relacionats amb el contingut de les p\u00e0gines que visites, evitar mostrar cont\u00ednuament anuncis que ja hagis vist, etc.), i ens permeten recopilar informaci\u00f3 estad\u00edstica an\u00f2nima sobre la navegaci\u00f3 dels usuaris pel site.<\/p>\n<p>Existeixen altres tecnologies com ara les etiquetes de p\u00edxels ( \u00ab\u00a0p\u00edxel tags\u00a0\u00bb), insectes de web ( \u00ab\u00a0web bugs\u00a0\u00bb), emmagatzematge web i altres fitxers i tecnologies similars que tamb\u00e9 poden realitzar la mateixa funci\u00f3 que les cookies. Utilitzem el terme \u00ab\u00a0cookie\u00a0\u00bb per referir-nos a totes les tecnologies similars que recullen informaci\u00f3 en aquest sentit.<\/p>\n<p>Les cookies no emmagatzemen dada personal, ni cap tipus d&rsquo;informaci\u00f3 que pugui identificar-te, i s\u00f3n \u00fatils i importants perqu\u00e8 permeten que el web funcioni de forma \u00e0gil i adaptada a les teves prefer\u00e8ncies.<\/p>\n<h2>2. Per qu\u00e8 les utilitzem?<\/h2>\n<p>Utilitzem cookies necess\u00e0ries per a la prestaci\u00f3 de determinats serveis sol\u00b7licitats expressament per l&rsquo;usuari (gesti\u00f3 del registre, inici de sessi\u00f3, dades per distingir possibles serveis gratu\u00efts de serveis de pagament, etc.).<\/p>\n<p>Si es desactiven aquestes cookies, no es podran rebre correctament alguns continguts i serveis.<\/p>\n<p>Tamb\u00e9 utilitzem cookies de mesurament anal\u00edtica, per a l&rsquo;an\u00e0lisi estad\u00edstic del tr\u00e0fic del site, seguiment an\u00f2nim del comportament de navegaci\u00f3 del conjunt dels usuaris, audi\u00e8ncia en determinades zones o davant d&rsquo;una determinada campanya, etc \u2026<\/p>\n<p>A m\u00e9s, utilitzem cookies publicit\u00e0ries per a la gesti\u00f3 dels espais publicitaris en base a criteris com la freq\u00fc\u00e8ncia de visualitzaci\u00f3 (per evitar mostrar cont\u00ednuament anuncis que ja hagis vist), ubicaci\u00f3 geogr\u00e0fica (per mostrar anuncis que puguin interessar-te per proximitat), per mostrar anuncis relacionats amb el contingut de les p\u00e0gines que visites (anuncis que puguin interessar-te per tem\u00e0tica), per obtenir informaci\u00f3 dels resultats de les campanyes publicit\u00e0ries dels nostres sites, etc.<\/p>\n<p>Si es desactiven aquestes cookies web podr\u00e0 seguir funcionant, tot i que aconsellem i agra\u00efm que es mantinguin, ja que la informaci\u00f3 captada per aquest tipus de cookies sobre l&rsquo;\u00fas de la nostra web i sobre l&rsquo;\u00e8xit dels anuncis mostrats en ella, \u00e9s important per a poder millorar els continguts i serveis que t&rsquo;oferim (no ens responsabilitzem de que la desactivaci\u00f3 d&rsquo;aquestes cookies pugui impedir el bon funcionament de les p\u00e0gines).<\/p>\n<h2>3. Tipus de cookies que utilitzem<\/h2>\n<ul>\n<li>Cookies de prefer\u00e8ncies.\n<ul>\n<li>Aquestes cookies ens permeten saber si has visitat abans la nostra web. Conserven les teves prefer\u00e8ncies per certes eines o serveis perqu\u00e8 no hagis de configurar cada vegada que visites el nostre site. Conserven prefer\u00e8ncies de navegaci\u00f3 de l&rsquo;usuari, com per exemple les vostres prefer\u00e8ncies d&rsquo;idioma, pa\u00eds, ciutat, moneda, etc.<\/li>\n<\/ul>\n<\/li>\n<li>Cookies de registre i estat de la sessi\u00f3.\n<ul>\n<li>Aquestes cookies guarden la informaci\u00f3 necess\u00e0ria durant la sessi\u00f3 i els canvis relacionats amb ella, i determinen si est\u00e0s registrat o no al web. S\u00f3n utilitzades per identificar el teu compte d&rsquo;usuari i els seus serveis associats. Aquestes cookies es mantenen mentre no abandonis la sessi\u00f3, tanqui el navegador o apaguis el dispositiu.<\/li>\n<\/ul>\n<\/li>\n<li>Cookies de geolocalitzaci\u00f3.\n<ul>\n<li>Aquestes cookies, de tercers, s\u00f3n utilitzades per programes que intenten localitzar geogr\u00e0ficament la situaci\u00f3 del dispositiu des del qual est\u00e0s connectat (ordinador, smartphone, tablet, etc.), per oferir-de forma totalment an\u00f2nima continguts i serveis m\u00e9s adequats a la teva ubicaci\u00f3.<\/li>\n<li>Cookies de tercers d&rsquo;aquest tipus al nostre Web: Google Analytics.<\/li>\n<\/ul>\n<\/li>\n<li>Cookies de mesuradors (mesurament estad\u00edstic).\n<ul>\n<li>Aquestes cookies permeten quantificar el nombre de visitants i analitzar estad\u00edsticament la navegaci\u00f3 dels usuaris per la nostra p\u00e0gina web sempre an\u00f2nimament.<\/li>\n<li>Cookies de tercers d&rsquo;aquest tipus al nostre Web: Google Analytics.<\/li>\n<\/ul>\n<\/li>\n<li>Cookies de publicitat comportamental\n<ul>\n<li>S\u00f3n aquelles que permeten la gesti\u00f3, de la forma m\u00e9s efica\u00e7 possible, dels espais publicitaris que, si escau, l&rsquo;editor hagi incl\u00f2s en una p\u00e0gina web, aplicaci\u00f3 o plataforma des de la qual presta el servei sol\u00b7licitat. Aquestes Cookies emmagatzemen informaci\u00f3 del comportament dels usuaris obtinguda a trav\u00e9s de l&rsquo;observaci\u00f3 continuada dels seus h\u00e0bits de navegaci\u00f3, el que permet desenvolupar un perfil espec\u00edfic per a mostrar publicitat en funci\u00f3 del mateix.<\/li>\n<li>Cookies de tercers d&rsquo;aquest tipus a la nostra web: Cap.<\/li>\n<\/ul>\n<\/li>\n<li>Cookies de xarxes socials externes\n<ul>\n<li>S&rsquo;utilitzen perqu\u00e8 els visitants puguin interactuar amb el contingut de diferents plataformes socials (Facebook, YouTube, Twitter, etc.) i que es generen \u00fanicament per als usuaris d&rsquo;aquestes xarxes socials. Les condicions d&rsquo;utilitzaci\u00f3 d&rsquo;aquestes Cookies i la informaci\u00f3 recopilada es regula per la pol\u00edtica de privacitat de la plataforma social corresponent.<\/li>\n<li>Cookies de tercers d&rsquo;aquest tipus a la nostra web:Cap.<\/li>\n<\/ul>\n<\/li>\n<li>Cookies usades per complements externs de contingut\n<ul>\n<li>Aquesta web ofereix als usuaris continguts proporcionats per tercers prove\u00efdors, com ara v\u00eddeos allotjats a Youtube o aplicacions Google Maps, aix\u00ed com el servei de passarel\u00b7la de pagament segur verificada com Paypal. Les cookies utilitzades per aquests prove\u00efdors s\u00f3n necess\u00e0ries perqu\u00e8 l&rsquo;usuari pugui accedir a susdits tipus de serveis.<\/li>\n<li>Cookies de tercers d&rsquo;aquest tipus a la nostra web: Google Maps, YouTube y Vimeo.<\/li>\n<\/ul>\n<\/li>\n<\/ul>\n<h2 data-fontsize=\"20\" data-lineheight=\"28\">4. Informaci\u00f3 sobre les cookies establertes i acc\u00e9s per modificar-les.<\/h2>\n<p><p>No has acceptat les cookies de la nostra web, per tant, no hi an cookies al teu navegador.<\/p><p class=\"cookies_p\"><a href=\"https:\/\/www.silene.ong\/clearcookies.php\" class=\"button red button-3d fusion-button-round button-xlarge center\">Configurar cookies<\/a><\/p><\/p>\n<h2>5. Com configurar els navegadors per acceptar \/ bloquejar \/ esborrar les cookies?<\/h2>\n<p>Pots configurar el teu navegador d&rsquo;Internet per acceptar o bloquejar les cookies, esborrar cookies ja instal\u00b7lades, o configurar-lo perqu\u00e8 s&rsquo;esborrin autom\u00e0ticament quan tanqui el navegador, equip o dispositiu. En cas bloquejar-les, \u00e9s possible que certs serveis que necessiten el seu \u00fas deixin de funcionar.<\/p>\n<p>Aquests par\u00e0metres normalment es troben en les \u00ab\u00a0Opcions\u00a0\u00bb o \u00ab\u00a0Prefer\u00e8ncies\u00a0\u00bb del men\u00fa dels navegadors principals (per a m\u00e9s informaci\u00f3 pots consultar les p\u00e0gines de suport o l&rsquo;Ajuda de cada navegador):<\/p>\n<ul>\n<li>Microsoft EDGE: Configuraci\u00f3 &gt; Configuraci\u00f3 Avan\u00e7ada &gt; Cookies. Per a m\u00e9s informaci\u00f3, pot consultar el<a href=\"https:\/\/support.microsoft.com\/es-es\/products\/microsoft-edge\"> suport de Microsoft Edge<\/a> o la ajuda del teu navegador.<\/li>\n<li>Google Chrome: Configuraci\u00f3 &gt; Mostra opcions avan\u00e7ades &gt; Configuraci\u00f3 de contingut &gt; Cookies. Per a m\u00e9s informaci\u00f3, pot consultar el<a href=\"https:\/\/support.google.com\/chrome\/?hl=es#topic=3227046\"> suport de Google<\/a> o la ajuda del teu navegador.<\/li>\n<li>Mozilla Firefox: Eines &gt; Opcions &gt; Privadesa i Seguretat &gt; Cookies and dades del lloc Web. Per a m\u00e9s informaci\u00f3, pot consultar el<a href=\"http:\/\/support.mozilla.org\/es\/home\"> suport de Mozilla<\/a> o la ajuda del teu navegador.<\/li>\n<li>Apple Safari: Prefer\u00e8ncies&gt; Privacitat. \u00a0Per a m\u00e9s informaci\u00f3, pot consultar el<a href=\"http:\/\/www.apple.com\/es\/support\/mac-apps\/safari\/\"> suport de Apple Safari<\/a> o la ajuda del teu navegador.<\/li>\n<\/ul>\n<!--themify_builder_content-->\n<div id=\"themify_builder_content-69301\" data-postid=\"69301\" class=\"themify_builder_content themify_builder_content-69301 themify_builder tf_clear\">\n    <\/div>\n<!--\/themify_builder_content-->\n","protected":false},"excerpt":{"rendered":"<p>\u00das de Cookies La nostra p\u00e0gina web, igual que la majoria de sites a Internet, utilitzen cookies pr\u00f2pies&#8230;<\/p>\n","protected":false},"author":21,"featured_media":73460,"parent":0,"menu_order":0,"comment_status":"closed","ping_status":"closed","template":"","meta":{"_acf_changed":false,"footnotes":""},"class_list":["post-69301","page","type-page","status-publish","has-post-thumbnail","hentry","has-post-title","has-post-date","has-post-category","has-post-tag","has-post-comment","has-post-author",""],"acf":[],"_links":{"self":[{"href":"https:\/\/www.silene.ong\/fr\/wp-json\/wp\/v2\/pages\/69301","targetHints":{"allow":["GET"]}}],"collection":[{"href":"https:\/\/www.silene.ong\/fr\/wp-json\/wp\/v2\/pages"}],"about":[{"href":"https:\/\/www.silene.ong\/fr\/wp-json\/wp\/v2\/types\/page"}],"author":[{"embeddable":true,"href":"https:\/\/www.silene.ong\/fr\/wp-json\/wp\/v2\/users\/21"}],"replies":[{"embeddable":true,"href":"https:\/\/www.silene.ong\/fr\/wp-json\/wp\/v2\/comments?post=69301"}],"version-history":[{"count":2,"href":"https:\/\/www.silene.ong\/fr\/wp-json\/wp\/v2\/pages\/69301\/revisions"}],"predecessor-version":[{"id":75518,"href":"https:\/\/www.silene.ong\/fr\/wp-json\/wp\/v2\/pages\/69301\/revisions\/75518"}],"wp:featuredmedia":[{"embeddable":true,"href":"https:\/\/www.silene.ong\/fr\/wp-json\/"}],"wp:attachment":[{"href":"https:\/\/www.silene.ong\/fr\/wp-json\/wp\/v2\/media?parent=69301"}],"curies":[{"name":"wp","href":"https:\/\/api.w.org\/{rel}","templated":true}]}}