{"id":69571,"date":"2018-12-03T18:42:01","date_gmt":"2018-12-03T16:42:01","guid":{"rendered":"http:\/\/silene.idilicstudio.com\/?page_id=69571"},"modified":"2022-01-13T13:12:11","modified_gmt":"2022-01-13T12:12:11","slug":"services","status":"publish","type":"page","link":"https:\/\/www.silene.ong\/fr\/services","title":{"rendered":"Services"},"content":{"rendered":"<h1>Services<\/h1>\n<p>Silene propose des services et des ressources pour faciliter l&rsquo;int\u00e9gration du patrimoine culturel immat\u00e9riel et des valeurs spirituelles de la nature dans divers domaines tels que l&rsquo;\u00e9ducation, la diffusion, l&rsquo;utilisation publique, la planification ou la gestion, dans une perspective de conservation responsable, souvent en collaboration avec d&rsquo;autres partenairs.\u00a0 Les services offerts sont:<\/p>\n<h2>Consulting<\/h2>\n<p><strong>\u00c9tudes et projets<\/strong> visant \u00e0 cr\u00e9er la base de connaissances n\u00e9cessaire pour faciliter la conservation et la promotion des valeurs culturelles et spirituelles de la nature, g\u00e9n\u00e9ralement ax\u00e9s sur les espaces, les habitats ou les lieux priv\u00e9s.<\/p>\n<p><strong>Accompagnement et soutenance des organisations et des processus de prise de d\u00e9cision <\/strong>gr\u00e2ce \u00e0 des conseils continus adapt\u00e9s aux besoins sp\u00e9cifiques de chaque cas, bas\u00e9s sur des principes \u00e9cologiques et\/ou d&rsquo;inspiration spirituelle, qui permettent d&rsquo;atteindre un consensus et de promouvoir des processus de changement transformateurs qui ajoutent de la cr\u00e9dibilit\u00e9.<\/p>\n<p><strong>Formulation et promotion d\u2019actions<\/strong> visant \u00e0 conserver, \u00e0 diffuser ou \u00e0 exp\u00e9rimenter les valeurs culturelles immat\u00e9rielles et spirituelles de la nature, que ce soit dans les domaines de l\u2019\u00e9ducation, des affaires et du bien-\u00eatre: activit\u00e9s contemplatives dans la nature, promotion du bien-\u00eatre int\u00e9gral, sensibilisation \u00e0 l\u2019environnement, etc.<\/p>\n<h2>Recherche, formation et diffusion<\/h2>\n<p><strong>Recherche<\/strong> : afin de promouvoir le dialogue interculturel et interreligieux des valeurs qui fa\u00e7onnent la relation que l&rsquo;\u00eatre humain entretient avec la Terre, comme le fait la g\u00e9o\u00e9thique.<\/p>\n<p><strong>Activit\u00e9s de formation et de diffusion: <\/strong>cours, ateliers et conf\u00e9rences pour v\u00e9hiculer l&rsquo;importance des valeurs culturelles et spirituelles de la Nature, dans le domaine social, public ou priv\u00e9, en fournissant, sur demande, des outils pour les int\u00e9grer et les appliquer de mani\u00e8re coh\u00e9rente.<\/p>\n<p><strong>Publications<\/strong> soient propres (en catalan ou espagnol) ou faites en collaboration avec d&rsquo;autres acteurs (aussi en anglais et fran\u00e7ais).<\/p>\n<h2>Ressources<\/h2>\n<p><strong><a href=\"https:\/\/www.silene.ong\/fr\/centre-de-documentation\" target=\"_blank\" rel=\"noopener\">Centre de documentation<\/a>,<\/strong> contenant des ressources et des documents sur le patrimoine spirituel et culturel immat\u00e9riel li\u00e9 au patrimoine naturel, du niveau local au niveau international. Il s&rsquo;agit du centre de documentation de r\u00e9f\u00e9rence du Groupe sp\u00e9cialistes des valeurs culturelles et spirituelles de la Commission mondiale des aires naturelles prot\u00e9g\u00e9es, de l&rsquo;Union internationale pour la conservation de la nature (UICN).<\/p>\n<p><strong><a href=\"https:\/\/www.silene.ong\/fr\/actualites\" target=\"_blank\" rel=\"noopener\">Actualit\u00e9s<\/a>,<\/strong> de tout le monde, bien que favorisant l&rsquo;Europe et, plus particuli\u00e8rement, de la Catalogne (ou nous sommes bas\u00e9s) toujours inspirantes et li\u00e9es \u00e0 la mission de l&rsquo;association, locales, nationales ou internationales.<\/p>\n<p><a href=\"https:\/\/www.silene.ong\/en\/documentation-centre\/publications\" target=\"_blank\" rel=\"noopener\"><strong>Publications<\/strong><\/a><\/p>\n<!--themify_builder_content-->\n<div id=\"themify_builder_content-69571\" data-postid=\"69571\" class=\"themify_builder_content themify_builder_content-69571 themify_builder tf_clear\">\n    <\/div>\n<!--\/themify_builder_content-->\n","protected":false},"excerpt":{"rendered":"<p>Services Silene propose des services et des ressources pour faciliter l&rsquo;int\u00e9gration du patrimoine culturel immat\u00e9riel et des valeurs&#8230;<\/p>\n","protected":false},"author":13,"featured_media":68775,"parent":0,"menu_order":0,"comment_status":"closed","ping_status":"closed","template":"","meta":{"_acf_changed":false,"footnotes":""},"class_list":["post-69571","page","type-page","status-publish","has-post-thumbnail","hentry","has-post-title","has-post-date","has-post-category","has-post-tag","has-post-comment","has-post-author",""],"acf":[],"_links":{"self":[{"href":"https:\/\/www.silene.ong\/fr\/wp-json\/wp\/v2\/pages\/69571","targetHints":{"allow":["GET"]}}],"collection":[{"href":"https:\/\/www.silene.ong\/fr\/wp-json\/wp\/v2\/pages"}],"about":[{"href":"https:\/\/www.silene.ong\/fr\/wp-json\/wp\/v2\/types\/page"}],"author":[{"embeddable":true,"href":"https:\/\/www.silene.ong\/fr\/wp-json\/wp\/v2\/users\/13"}],"replies":[{"embeddable":true,"href":"https:\/\/www.silene.ong\/fr\/wp-json\/wp\/v2\/comments?post=69571"}],"version-history":[{"count":14,"href":"https:\/\/www.silene.ong\/fr\/wp-json\/wp\/v2\/pages\/69571\/revisions"}],"predecessor-version":[{"id":110722,"href":"https:\/\/www.silene.ong\/fr\/wp-json\/wp\/v2\/pages\/69571\/revisions\/110722"}],"wp:featuredmedia":[{"embeddable":true,"href":"https:\/\/www.silene.ong\/fr\/wp-json\/wp\/v2\/media\/68775"}],"wp:attachment":[{"href":"https:\/\/www.silene.ong\/fr\/wp-json\/wp\/v2\/media?parent=69571"}],"curies":[{"name":"wp","href":"https:\/\/api.w.org\/{rel}","templated":true}]}}