{"id":75258,"date":"2019-02-08T13:07:19","date_gmt":"2019-02-08T11:07:19","guid":{"rendered":"https:\/\/www.silene.ong\/contacter"},"modified":"2022-12-24T11:27:29","modified_gmt":"2022-12-24T10:27:29","slug":"contacter","status":"publish","type":"page","link":"https:\/\/www.silene.ong\/fr\/contacter","title":{"rendered":"Contacter"},"content":{"rendered":"<div id=\"tw-target-text-container\" class=\"tw-ta-container tw-nfl\">\n<p id=\"tw-target-text\" class=\"tw-data-text tw-ta tw-text-small\" dir=\"ltr\" data-placeholder=\"Traducci\u00f3\"><span lang=\"fr\" tabindex=\"0\">Si vous souhaitez nous contacter, nous vous invitons \u00e0 le faire moyennat <ins>cette voie.<\/ins> Nous vous r\u00e9pondrons d\u00e8s que possible. Nous appr\u00e9cions votre int\u00e9r\u00eat d&rsquo;avance.<\/span><\/p>\n<pre class=\"tw-ta tw-text-small\" lang=\"fr\"><\/pre>\n<\/div>\n<div id=\"z6maec\" class=\"tw-ta-container tw-nfl\">\n<pre id=\"tw-target-rmn\" class=\"tw-data-placeholder tw-ta tw-text-small\" dir=\"ltr\" data-placeholder=\"\"><\/pre>\n<\/div>\n\n<div class=\"wpcf7 no-js\" id=\"wpcf7-f75246-o1\" lang=\"ca\" dir=\"ltr\" data-wpcf7-id=\"75246\">\n<div class=\"screen-reader-response\"><p role=\"status\" aria-live=\"polite\" aria-atomic=\"true\"><\/p> <ul><\/ul><\/div>\n<form action=\"\/fr\/wp-json\/wp\/v2\/pages\/75258#wpcf7-f75246-o1\" method=\"post\" class=\"wpcf7-form init\" aria-label=\"Formulari de contacte\" enctype=\"multipart\/form-data\" novalidate=\"novalidate\" data-status=\"init\">\n<fieldset class=\"hidden-fields-container\"><input type=\"hidden\" name=\"_wpcf7\" value=\"75246\" \/><input type=\"hidden\" name=\"_wpcf7_version\" value=\"6.1.2\" \/><input type=\"hidden\" name=\"_wpcf7_locale\" value=\"ca\" \/><input type=\"hidden\" name=\"_wpcf7_unit_tag\" value=\"wpcf7-f75246-o1\" \/><input type=\"hidden\" name=\"_wpcf7_container_post\" value=\"0\" \/><input type=\"hidden\" name=\"_wpcf7_posted_data_hash\" value=\"\" \/>\n<\/fieldset>\n<div class=\"row\">\n\t<div class=\"col-lg-4 col-md-4 col-sm-12 col-xs-12\">\n\t\t<p><span class=\"wpcf7-form-control-wrap\" data-name=\"Nom\"><input size=\"40\" maxlength=\"400\" class=\"wpcf7-form-control wpcf7-text wpcf7-validates-as-required\" aria-required=\"true\" aria-invalid=\"false\" placeholder=\"Nom\" value=\"\" type=\"text\" name=\"Nom\" \/><\/span>\n\t\t<\/p>\n\t<\/div>\n\t<div class=\"col-lg-4 col-md-4 col-sm-12 col-xs-12\">\n\t\t<p><span class=\"wpcf7-form-control-wrap\" data-name=\"Telefon\"><input size=\"40\" maxlength=\"400\" class=\"wpcf7-form-control wpcf7-tel wpcf7-text wpcf7-validates-as-tel\" aria-invalid=\"false\" placeholder=\"T\u00e9l\u00e9phone\" value=\"\" type=\"tel\" name=\"Telefon\" \/><\/span>\n\t\t<\/p>\n\t<\/div>\n\t<div class=\"col-lg-4 col-md-4 col-sm-12 col-xs-12\">\n\t\t<p><span class=\"wpcf7-form-control-wrap\" data-name=\"Email\"><input size=\"40\" maxlength=\"400\" class=\"wpcf7-form-control wpcf7-email wpcf7-validates-as-required wpcf7-text wpcf7-validates-as-email\" aria-required=\"true\" aria-invalid=\"false\" placeholder=\"Email\" value=\"\" type=\"email\" name=\"Email\" \/><\/span>\n\t\t<\/p>\n\t<\/div>\n\t<div class=\"col-lg-12 col-md-12 col-sm-12 col-xs-12\">\n\t\t<p><span class=\"wpcf7-form-control-wrap\" data-name=\"Direccio\"><label><span class=\"wpcf7-quiz-label\"><\/span> <input size=\"40\" class=\"wpcf7-form-control wpcf7-quiz\" autocomplete=\"off\" aria-required=\"true\" aria-invalid=\"false\" type=\"text\" name=\"Direccio\" \/><\/label><input type=\"hidden\" name=\"_wpcf7_quiz_answer_Direccio\" value=\"9579ac7ce4bcf5e621553b11a52fa657\" \/><\/span><br \/>\n<span class=\"wpcf7-form-control-wrap\" data-name=\"Missatge\"><textarea cols=\"40\" rows=\"10\" maxlength=\"2000\" class=\"wpcf7-form-control wpcf7-textarea wpcf7-validates-as-required\" aria-required=\"true\" aria-invalid=\"false\" placeholder=\"Ton message...\" name=\"Missatge\"><\/textarea><\/span>\n\t\t<\/p>\n\t<\/div>\n\t<div class=\"col-lg-6 col-md-6 col-sm-12 col-xs-12 adjunts\">\n\t\t<p><label class=\"bold\">Joindre un fichier<\/label><br \/>\n<span class=\"wpcf7-form-control-wrap\" data-name=\"Adjunt\"><input size=\"40\" class=\"wpcf7-form-control wpcf7-file\" accept=\".pdf,.doc,.docx,.zip,.rar,.jpg,.jpeg,.png,.bmp\" aria-invalid=\"false\" type=\"file\" name=\"Adjunt\" \/><\/span><br \/>\n<small><i class=\"fas fa-info-circle\"><\/i> Fichiers PDF, Doc, Zip, Rar, Jpg, png i bmp, maximum 5 m\u00e9gaoctets.<\/small>\n\t\t<\/p>\n\t<\/div>\n\t<div class=\"col-lg-6 col-md-6 col-sm-12 col-xs-12 envio\">\n\t\t<p><span class=\"wpcf7-form-control-wrap\" data-name=\"Accepto\"><span class=\"wpcf7-form-control wpcf7-acceptance\"><span class=\"wpcf7-list-item\"><label><input type=\"checkbox\" name=\"Accepto\" value=\"1\" aria-invalid=\"false\" \/><span class=\"wpcf7-list-item-label\">J'accepte <a target=\"_blank\" href=\"https:\/\/www.silene.ong\/fr\/politique-de-confidentialite\">la politique de protection des donn\u00e9es<\/a>.<\/span><\/label><\/span><\/span><\/span><br \/>\n<span class=\"wpcf7-form-control-wrap\" data-name=\"Newsletter\"><span class=\"wpcf7-form-control wpcf7-checkbox\"><span class=\"wpcf7-list-item first last\"><label><input type=\"checkbox\" name=\"Newsletter[]\" value=\"Je souhaite recevoir des informations sur Silene par email\" \/><span class=\"wpcf7-list-item-label\">Je souhaite recevoir des informations sur Silene par email<\/span><\/label><\/span><\/span><\/span><br \/>\n<input class=\"wpcf7-form-control wpcf7-submit has-spinner\" type=\"submit\" value=\"Enviar\" \/>\n\t\t<\/p>\n\t<\/div>\n\t<div class=\"col-lg-12 col-md-12 col-sm-12 col-xs-12\">\n\t\t<div class=\"rgpd\">\n\t\t\t<h4>\u00c0 propos du traitement de vos donn\u00e9es personnelles\n\t\t\t<\/h4>\n\t\t\t<p><b>Responsable \u00bb<\/b> Silene est responsable du fichier de donn\u00e9es personnelles des utilisateurs.\n\t\t\t<\/p>\n\t\t\t<p><b>Objet \u00bb<\/b> Envoi d\u2019informations et prospection commerciale concernant notre association culturelle ainsi que r\u00e9alisation d\u2019\u00e9tudes statistiques.\n\t\t\t<\/p>\n\t\t\t<p><b>L\u00e9gitimation \u00bb<\/b> En acceptant l'envoi de ce formulaire \u00e9lectronique, vous consentez \u00e0 l'envoi de courriels informatifs.\n\t\t\t<\/p>\n\t\t\t<p><b>Destinataires \u00bb<\/b> Fournisseurs de technologie Silene: OVH en tant que fournisseur d\u2019h\u00e9bergement, Idilicstudio en tant que fournisseur de maintenance Web. H\u00e9berg\u00e9 conform\u00e9ment \u00e0 la s\u00e9curit\u00e9 de confidentialit\u00e9 UE-\u00c9tats-Unis. Ces donn\u00e9es personnelles ne seront en aucun cas transmises \u00e0 des soci\u00e9t\u00e9s tierces.\n\t\t\t<\/p>\n\t\t\t<p><b>Droits \u00bb<\/b> Vous disposez d'un droit d'acc\u00e8s, de rectification et de suppression des donn\u00e9es vous concernant.\n\t\t\t<\/p>\n\t\t\t<p><b>Plus d'informations \u00bb<\/b> Vous pouvez consulter les informations d\u00e9taill\u00e9es sur notre site web \u00e0 <a href=\"https:\/\/www.silene.ong\/fr\/politique-de-confidentialite\" target=\"_ blank \">https:\/\/www.silene.ong\/fr\/politique-de-confidentialite<\/a>\n\t\t\t<\/p>\n\t\t<\/div>\n\t<\/div>\n<\/div><p style=\"display: none !important;\" class=\"akismet-fields-container\" data-prefix=\"_wpcf7_ak_\"><label>&#916;<textarea name=\"_wpcf7_ak_hp_textarea\" cols=\"45\" rows=\"8\" maxlength=\"100\"><\/textarea><\/label><input type=\"hidden\" id=\"ak_js_1\" name=\"_wpcf7_ak_js\" value=\"200\"\/><script>document.getElementById( \"ak_js_1\" ).setAttribute( \"value\", ( new Date() ).getTime() );<\/script><\/p><div class=\"wpcf7-response-output\" aria-hidden=\"true\"><\/div>\n<\/form>\n<\/div>\n\n<!--themify_builder_content-->\n<div id=\"themify_builder_content-75258\" data-postid=\"75258\" class=\"themify_builder_content themify_builder_content-75258 themify_builder tf_clear\">\n    <\/div>\n<!--\/themify_builder_content-->\n","protected":false},"excerpt":{"rendered":"<p>Si vous souhaitez nous contacter, nous vous invitons \u00e0 le faire moyennat cette voie. Nous vous r\u00e9pondrons d\u00e8s&#8230;<\/p>\n","protected":false},"author":21,"featured_media":73460,"parent":0,"menu_order":0,"comment_status":"closed","ping_status":"closed","template":"","meta":{"_acf_changed":false,"footnotes":""},"class_list":["post-75258","page","type-page","status-publish","has-post-thumbnail","hentry","has-post-title","has-post-date","has-post-category","has-post-tag","has-post-comment","has-post-author",""],"acf":[],"_links":{"self":[{"href":"https:\/\/www.silene.ong\/fr\/wp-json\/wp\/v2\/pages\/75258","targetHints":{"allow":["GET"]}}],"collection":[{"href":"https:\/\/www.silene.ong\/fr\/wp-json\/wp\/v2\/pages"}],"about":[{"href":"https:\/\/www.silene.ong\/fr\/wp-json\/wp\/v2\/types\/page"}],"author":[{"embeddable":true,"href":"https:\/\/www.silene.ong\/fr\/wp-json\/wp\/v2\/users\/21"}],"replies":[{"embeddable":true,"href":"https:\/\/www.silene.ong\/fr\/wp-json\/wp\/v2\/comments?post=75258"}],"version-history":[{"count":7,"href":"https:\/\/www.silene.ong\/fr\/wp-json\/wp\/v2\/pages\/75258\/revisions"}],"predecessor-version":[{"id":115823,"href":"https:\/\/www.silene.ong\/fr\/wp-json\/wp\/v2\/pages\/75258\/revisions\/115823"}],"wp:featuredmedia":[{"embeddable":true,"href":"https:\/\/www.silene.ong\/fr\/wp-json\/"}],"wp:attachment":[{"href":"https:\/\/www.silene.ong\/fr\/wp-json\/wp\/v2\/media?parent=75258"}],"curies":[{"name":"wp","href":"https:\/\/api.w.org\/{rel}","templated":true}]}}