{"id":85021,"date":"2019-07-28T11:32:47","date_gmt":"2019-07-28T10:32:47","guid":{"rendered":"https:\/\/www.silene.ong\/donations"},"modified":"2023-12-21T15:36:39","modified_gmt":"2023-12-21T14:36:39","slug":"doner","status":"publish","type":"page","link":"https:\/\/www.silene.ong\/fr\/doner","title":{"rendered":"Doner"},"content":{"rendered":"<div id=\"tw-target-text-container\" class=\"tw-ta-container tw-nfl\">\n<h2 id=\"tw-target-text\" class=\"tw-data-text tw-ta tw-text-small\" dir=\"ltr\" data-placeholder=\"Traducci\u00f3n\"><span lang=\"fr\" tabindex=\"0\">Pouvez-vos nous aider?<\/span><\/h2>\n<p class=\"tw-data-text tw-ta tw-text-small\" dir=\"ltr\" data-placeholder=\"Traducci\u00f3n\"><span lang=\"fr\" tabindex=\"0\">La conservation des valeurs et des significations spirituelles et culturelles de la Nature &#8211; h\u00e9ritage des cosmologies et des cosmovisions qui composent le patrimoine immat\u00e9riel de l&rsquo;humanit\u00e9 &#8211; est maintenant plus r\u00e9pandue que jamais auparavant par la diffusion du paradigme technocratique. <\/span><\/p>\n<p class=\"tw-data-text tw-ta tw-text-small\" dir=\"ltr\" data-placeholder=\"Traducci\u00f3n\"><span lang=\"fr\" tabindex=\"0\">Depuis Silene, nous croyons qu&rsquo;il faut pr\u00e9server ce patrimoine immat\u00e9riel, il est indispensable de baser la compression et la conservation de la nature sur les valeurs les plus profondes qui donnent un sens \u00e0 nos vies. Silene est une association \u00e0 but non lucratif soutenue par l&rsquo;aide de plusieurs professionnels qui croient en leur mission. <\/span><\/p>\n<p class=\"tw-data-text tw-ta tw-text-small\" dir=\"ltr\" data-placeholder=\"Traducci\u00f3n\"><span lang=\"fr\" tabindex=\"0\">Faire un don contribuera \u00e0 la maintenance du centre de documentation et aux t\u00e2ches principales de l\u2019association, en mettant l\u2019accent sur la conservation, l\u2019\u00e9tude et la diffusion des valeurs et des significations du patrimoine culturel et spirituel immat\u00e9riel de la Nature. <\/span><\/p>\n<h2 class=\"tw-data-text tw-ta tw-text-small\" dir=\"ltr\" data-placeholder=\"Traducci\u00f3n\"><span lang=\"fr\" tabindex=\"0\">B\u00e9n\u00e9ficiez d&rsquo;avantages fiscaux <\/span><\/h2>\n<p class=\"tw-data-text tw-ta tw-text-small\" dir=\"ltr\" data-placeholder=\"Traducci\u00f3n\"><span lang=\"fr\" tabindex=\"0\">Toutes les contributions que vous apportez depuis l\u2019Espagne rapportent 80% des 150 premiers euros. De ce chiffre, ils d\u00e9duisent 35%. Si au cours des trois derni\u00e8res ann\u00e9es, les contributions faites \u00e0 notre organisation ont \u00e9t\u00e9 maintenues ou augment\u00e9es, la d\u00e9duction va jusqu&rsquo;\u00e0 40% pour r\u00e9compenser votre fid\u00e9lit\u00e9.<br \/>\n<\/span><\/p>\n<form action=\"https:\/\/www.paypal.com\/cgi-bin\/webscr\" method=\"post\" target=\"_top\"><input name=\"cmd\" type=\"hidden\" value=\"_s-xclick\" \/><br \/>\n<input name=\"hosted_button_id\" type=\"hidden\" value=\"449E9DZQ7SDBC\" \/><br \/>\n<input title=\"PayPal - The safer, easier way to pay online!\" alt=\"Donate with PayPal button\" name=\"submit\" src=\"https:\/\/www.paypalobjects.com\/es_ES\/ES\/i\/btn\/btn_donate_LG.gif\" type=\"image\" \/><br \/>\n<img loading=\"lazy\" decoding=\"async\" src=\"https:\/\/www.paypal.com\/es_ES\/i\/scr\/pixel.gif\" alt=\"\" width=\"1\" height=\"1\" border=\"0\" \/><\/form>\n<\/div>\n<div id=\"z6maec\" class=\"tw-ta-container tw-nfl\">\n<p id=\"tw-target-rmn\" class=\"tw-data-placeholder tw-ta tw-text-small\" dir=\"ltr\">\n<\/div>\n","protected":false},"excerpt":{"rendered":"<p>Pouvez-vos nous aider? La conservation des valeurs et des significations spirituelles et culturelles de la Nature &#8211; h\u00e9ritage&#8230;<\/p>\n","protected":false},"author":13,"featured_media":73460,"parent":0,"menu_order":0,"comment_status":"closed","ping_status":"closed","template":"","meta":{"_acf_changed":false,"footnotes":""},"class_list":["post-85021","page","type-page","status-publish","has-post-thumbnail","hentry","has-post-title","has-post-date","has-post-category","has-post-tag","has-post-comment","has-post-author",""],"acf":[],"_links":{"self":[{"href":"https:\/\/www.silene.ong\/fr\/wp-json\/wp\/v2\/pages\/85021","targetHints":{"allow":["GET"]}}],"collection":[{"href":"https:\/\/www.silene.ong\/fr\/wp-json\/wp\/v2\/pages"}],"about":[{"href":"https:\/\/www.silene.ong\/fr\/wp-json\/wp\/v2\/types\/page"}],"author":[{"embeddable":true,"href":"https:\/\/www.silene.ong\/fr\/wp-json\/wp\/v2\/users\/13"}],"replies":[{"embeddable":true,"href":"https:\/\/www.silene.ong\/fr\/wp-json\/wp\/v2\/comments?post=85021"}],"version-history":[{"count":9,"href":"https:\/\/www.silene.ong\/fr\/wp-json\/wp\/v2\/pages\/85021\/revisions"}],"predecessor-version":[{"id":124055,"href":"https:\/\/www.silene.ong\/fr\/wp-json\/wp\/v2\/pages\/85021\/revisions\/124055"}],"wp:featuredmedia":[{"embeddable":true,"href":"https:\/\/www.silene.ong\/fr\/wp-json\/"}],"wp:attachment":[{"href":"https:\/\/www.silene.ong\/fr\/wp-json\/wp\/v2\/media?parent=85021"}],"curies":[{"name":"wp","href":"https:\/\/api.w.org\/{rel}","templated":true}]}}